{"id":7,"date":"2021-11-29T15:32:09","date_gmt":"2021-11-29T14:32:09","guid":{"rendered":"https:\/\/geneve.wordcamp.org\/2022\/schedule\/"},"modified":"2022-03-11T11:26:06","modified_gmt":"2022-03-11T10:26:06","slug":"programme","status":"publish","type":"page","link":"https:\/\/geneve.wordcamp.org\/2022\/programme\/","title":{"rendered":"Programme"},"content":{"rendered":"\n<p class=\"wp-block-paragraph\">[<em><a href=\"https:\/\/geneve.wordcamp.org\/2022\/schedule\/\" data-type=\"page\" data-id=\"5498\">\u2192&nbsp;English version<\/a><\/em>]<\/p>\n\n\n\n<p class=\"wp-block-paragraph\">Un WordCamp ne d\u00e9bute jamais sans un caf\u00e9 ! Le 9 avril 2022, les organisateurs du WordCamp Gen\u00e8ve 2022 vous attendent d\u00e8s <strong>9h00<\/strong> \u00e0 l\u2019espace coworking <a href=\"https:\/\/geneve.wordcamp.org\/2022\/lieu\/\">Voisins de Blandonnet<\/a> pour vous accueillir avec un caf\u00e9 et distribuer vos badges.<\/p>\n\n\n\n<p class=\"wp-block-paragraph\">Le WordCamp d\u00e9butera officiellement \u00e0 <strong>9h45<\/strong> avec le traditionnel message de bienvenue dans la salle \u00ab\u00a0Conf\u00e9rences\u00a0\u00bb. \u00c0 partir de <strong>10h00<\/strong>, le programme de cette journ\u00e9e se d\u00e9roulera dans salles distinctes, l\u2019une d\u00e9di\u00e9e aux conf\u00e9rences et aux expos\u00e9s courts (rez-de-chauss\u00e9e) et l\u2019autre aux ateliers (\u00e9tage inf\u00e9rieur). Les pr\u00e9sentations seront donn\u00e9es dans la m\u00eame langue que leur titre, selon le programme ci-dessous.<\/p>\n\n\n\n<p class=\"wp-block-paragraph\">\u00ab\u00a0La Table\u00a0\u00bb sera l\u2019autre point de convergence de ce WordCamp. Vous aurez rendez-vous d\u00e8s <strong>11h30<\/strong> \u00e0 ce \u00ab\u00a0Happiness Bar\u00a0\u00bb o\u00f9 on r\u00e9pondra \u00e0 toutes vos questions au sujet de WordPress. Vous pourrez \u00e9galement vous y installer \u00e0 n\u2019importe quel moment pour apporter votre contribution \u00e0 WordPress, que ce soit au niveau de la technique, de la communication, de la traduction ou du r\u00e9seautage. Soyez les bienvenu.e.s&nbsp;!<\/p>\n\n\n\n<p class=\"wp-block-paragraph\">Au terme des conf\u00e9rences et des ateliers, le WordCamp prendra fin comme de coutume avec les remarques de cl\u00f4ture. Place ensuite \u00e0 l\u2019After-Party qui sera lanc\u00e9 <strong>d\u00e8s 18h30<\/strong> sur le m\u00eame site, au restaurant qui se trouve \u00e0 l\u2019\u00e9tage inf\u00e9rieur. On vous y servira l\u2019ap\u00e9ro puis un magnifique d\u00eener bien m\u00e9rit\u00e9 apr\u00e8s cette grande journ\u00e9e d\u00e9di\u00e9e \u00e0 WordPress. Nous esp\u00e9rons que vous serez nombreux \u00e0 partager cette soir\u00e9e avec nous&nbsp;!<\/p>\n\n\n\n<p class=\"has-small-font-size wp-block-paragraph\"><em><span style=\"text-decoration: underline\">(NB : pour afficher le d\u00e9tail d\u2019une conf\u00e9rence, cliquez sur son titre<\/span><\/em>)<\/p>\n\n\n\n<div\n\tclass=\"wp-block-wordcamp-schedule alignwide is-loading\"\n\t\tdata-attributes=\"{&quot;__isStylesPreview&quot;:false,&quot;align&quot;:&quot;wide&quot;,&quot;chooseSpecificDays&quot;:false,&quot;chosenDays&quot;:[],&quot;chooseSpecificTracks&quot;:true,&quot;chosenTrackIds&quot;:[45,44],&quot;showCategories&quot;:true,&quot;useClientTimezone&quot;:false,&quot;className&quot;:&quot;is-style-default wordcamp-schedule-custom&quot;}\"\n>\n\tChargement&#8230;<\/div>\n\n\n\t<div class=\"email-form fav-session-email-form-hide\">\n\t\t<!-- Tab links -->\n\t\t<div class=\"fav-session-share-tab\">\n\t\t\t\t\t\t\t<div class=\"fav-session-tablinks\" id=\"fav-session-btn-email\">\n\t\t\t\t\tE-mail\t\t\t\t<\/div>\n\t\t\t\n\t\t\t<div class=\"fav-session-tablinks\" id=\"fav-session-btn-link\">\n\t\t\t\tLien\t\t\t<\/div>\n\n\t\t\t<div class=\"fav-session-tablinks\" id=\"fav-session-btn-print\">\n\t\t\t\tImprimer\t\t\t<\/div>\n\t\t<\/div>\n\n\t\t<!-- Tab content -->\n\t\t\t\t\t<div id=\"fav-session-tab-email\" class=\"fav-session-share-tabcontent\">\n\t\t\t\t<div id=\"fav-session-email-form\">\n\t\t\t\t\tM\u2019envoyer mes sessions favorites\u00a0:\n\t\t\t\t\t<form id=\"fav-sessions-form\">\n\t\t\t\t\t\t<input\n\t\t\t\t\t\t\ttype=\"text\"\n\t\t\t\t\t\t\tname=\"email_address\"\n\t\t\t\t\t\t\tid=\"fav-sessions-email-address\"\n\t\t\t\t\t\t\tplaceholder=\"me@protonmail.com\"\n\t\t\t\t\t\t\/>\n\t\t\t\t\t\t<input type=\"submit\" value=\"Envoyer\" \/>\n\t\t\t\t\t<\/form>\n\t\t\t\t<\/div>\n\n\t\t\t\t<div class=\"fav-session-email-wait-spinner\"><\/div>\n\t\t\t\t<div class=\"fav-session-email-result\"><\/div>\n\t\t\t<\/div>\n\t\t\n\t\t<div id=\"fav-session-tab-link\" class=\"fav-session-share-tabcontent\">\n\t\t\tLien partageable\u00a0:\t\t\t<br \/>\n\t\t\t<a id=\"fav-sessions-link\" href=\"\"><\/a>\n\t\t<\/div>\n\n\t\t<div id=\"fav-session-tab-print\" class=\"fav-session-share-tabcontent\">\n\t\t\t<button id=\"fav-session-print\">\n\t\t\t\tAfficher les sessions favorites\t\t\t<\/button>\n\t\t<\/div>\n\t<\/div>\n\n\t<a class=\"show-email-form\" href=\"javascript:\">\n\t\t<span class=\"dashicons dashicons-star-filled\"><\/span>\n\t\t<span class=\"dashicons dashicons-email-alt\"><\/span>\n\t<\/a>\n\n\t\n\n\n<p class=\"wp-block-paragraph\"><\/p>\n","protected":false},"excerpt":{"rendered":"<p>[\u2192&nbsp;English version] Un WordCamp ne d\u00e9bute jamais sans un caf\u00e9 ! Le 9 avril 2022, les organisateurs du WordCamp Gen\u00e8ve 2022 vous attendent d\u00e8s 9h00 \u00e0 l\u2019espace coworking Voisins de Blandonnet pour vous accueillir avec un caf\u00e9 et distribuer vos badges. Le WordCamp d\u00e9butera officiellement \u00e0 9h45 avec le traditionnel message de bienvenue dans la [&hellip;]<\/p>\n","protected":false},"author":7586875,"featured_media":0,"parent":0,"menu_order":0,"comment_status":"closed","ping_status":"closed","template":"wp-custom-template-wcgva-image-non-sponsors-oui","meta":{"_crdt_document":"","jetpack_post_was_ever_published":false,"footnotes":""},"class_list":["post-7","page","type-page","status-publish","hentry"],"jetpack_sharing_enabled":true,"_links":{"self":[{"href":"https:\/\/geneve.wordcamp.org\/2022\/wp-json\/wp\/v2\/pages\/7","targetHints":{"allow":["GET"]}}],"collection":[{"href":"https:\/\/geneve.wordcamp.org\/2022\/wp-json\/wp\/v2\/pages"}],"about":[{"href":"https:\/\/geneve.wordcamp.org\/2022\/wp-json\/wp\/v2\/types\/page"}],"author":[{"embeddable":true,"href":"https:\/\/geneve.wordcamp.org\/2022\/wp-json\/wp\/v2\/users\/7586875"}],"replies":[{"embeddable":true,"href":"https:\/\/geneve.wordcamp.org\/2022\/wp-json\/wp\/v2\/comments?post=7"}],"version-history":[{"count":26,"href":"https:\/\/geneve.wordcamp.org\/2022\/wp-json\/wp\/v2\/pages\/7\/revisions"}],"predecessor-version":[{"id":6956,"href":"https:\/\/geneve.wordcamp.org\/2022\/wp-json\/wp\/v2\/pages\/7\/revisions\/6956"}],"wp:attachment":[{"href":"https:\/\/geneve.wordcamp.org\/2022\/wp-json\/wp\/v2\/media?parent=7"}],"curies":[{"name":"wp","href":"https:\/\/api.w.org\/{rel}","templated":true}]}}