{"id":6267,"date":"2022-03-14T07:31:16","date_gmt":"2022-03-14T06:31:16","guid":{"rendered":"https:\/\/geneve.wordcamp.org\/2022\/?page_id=6267"},"modified":"2022-03-14T10:13:55","modified_gmt":"2022-03-14T09:13:55","slug":"ressources","status":"publish","type":"page","link":"https:\/\/geneve.wordcamp.org\/2022\/ressources\/","title":{"rendered":"Ressources"},"content":{"rendered":"\n<h2 class=\"wp-block-heading\" id=\"francais\">Fran\u00e7ais<\/h2>\n\n\n\n<div class=\"wp-block-group alignwide is-layout-constrained wp-block-group-is-layout-constrained\">\n<div class=\"wp-block-file\"><a id=\"wp-block-file--media-950ed08c-d5b0-46bd-9e8f-c3ae84366878\" href=\"https:\/\/geneve.wordcamp.org\/2022\/files\/2022\/03\/WordCamp-Geneve-promotion.pdf\">Communiqu\u00e9 de presse<\/a><a href=\"https:\/\/geneve.wordcamp.org\/2022\/files\/2022\/03\/WordCamp-Geneve-promotion.pdf\" class=\"wp-block-file__button\" download aria-describedby=\"wp-block-file--media-950ed08c-d5b0-46bd-9e8f-c3ae84366878\">T\u00e9l\u00e9charger<\/a><\/div>\n\n\n\n<div class=\"wp-block-file\"><a id=\"wp-block-file--media-1fa55f7a-2c48-4397-98ed-60bd138ca347\" href=\"https:\/\/geneve.wordcamp.org\/2022\/files\/2021\/12\/FR-wordcamp-gva-2022-factsheet.pdf\">WCGVA Factsheet pour sponsors<\/a><a href=\"https:\/\/geneve.wordcamp.org\/2022\/files\/2021\/12\/FR-wordcamp-gva-2022-factsheet.pdf\" class=\"wp-block-file__button\" download aria-describedby=\"wp-block-file--media-1fa55f7a-2c48-4397-98ed-60bd138ca347\">T\u00e9l\u00e9charger<\/a><\/div>\n<\/div>\n\n\n\n<p>Cr\u00e9dits: certaines ic\u00f4nes du site proviennent de <a rel=\"noreferrer noopener\" href=\"https:\/\/www.flaticon.com\/fr\/\" target=\"_blank\">flaticon<\/a>.<\/p>\n\n\n\n<p>Retrouvez toutes nos sources de logo sur <a rel=\"noreferrer noopener\" href=\"https:\/\/github.com\/WPSwitzerland\/wordcampgeneve2022\/tree\/main\/assets\/img\" target=\"_blank\">Github<\/a>.<\/p>\n\n\n\n<div style=\"height:50px\" aria-hidden=\"true\" class=\"wp-block-spacer\"><\/div>\n\n\n\n<hr class=\"wp-block-separator\" \/>\n\n\n\n<h2 class=\"wp-block-heading\" id=\"english\">English<\/h2>\n\n\n\n<div class=\"wp-block-group is-layout-constrained wp-block-group-is-layout-constrained\">\n<div class=\"wp-block-file\"><a id=\"wp-block-file--media-f6465f49-7080-4d50-9173-4cd3a59502fd\" href=\"https:\/\/geneve.wordcamp.org\/2022\/files\/2022\/03\/WordCamp-Geneve-outreach.pdf\">Press release<\/a><a href=\"https:\/\/geneve.wordcamp.org\/2022\/files\/2022\/03\/WordCamp-Geneve-outreach.pdf\" class=\"wp-block-file__button\" download aria-describedby=\"wp-block-file--media-f6465f49-7080-4d50-9173-4cd3a59502fd\">Download<\/a><\/div>\n\n\n\n<div class=\"wp-block-file\"><a id=\"wp-block-file--media-cc16f12a-e34c-4638-82b9-a853921e17a4\" href=\"https:\/\/geneve.wordcamp.org\/2022\/files\/2021\/12\/EN-wordcamp-gva-2022-factsheet.pdf\">WCGVA Factsheet for sponsors<\/a><a href=\"https:\/\/geneve.wordcamp.org\/2022\/files\/2021\/12\/EN-wordcamp-gva-2022-factsheet.pdf\" class=\"wp-block-file__button\" download aria-describedby=\"wp-block-file--media-cc16f12a-e34c-4638-82b9-a853921e17a4\">Download<\/a><\/div>\n<\/div>\n\n\n\n<p>Some site&rsquo;s icons come from <a rel=\"noreferrer noopener\" href=\"https:\/\/www.flaticon.com\/fr\/\" target=\"_blank\">flaticon<\/a>.<\/p>\n\n\n\n<p>Retrieve all our logo sources on <a rel=\"noreferrer noopener\" href=\"https:\/\/github.com\/WPSwitzerland\/wordcampgeneve2022\/tree\/main\/assets\/img\" target=\"_blank\">Github<\/a>.<\/p>\n","protected":false},"excerpt":{"rendered":"<p>Fran\u00e7ais Cr\u00e9dits: certaines ic\u00f4nes du site proviennent de flaticon. Retrouvez toutes nos sources de logo sur Github. English Some site&rsquo;s icons come from flaticon. Retrieve all our logo sources on Github.<\/p>\n","protected":false},"author":7586875,"featured_media":0,"parent":0,"menu_order":0,"comment_status":"closed","ping_status":"closed","template":"wp-custom-template-wcgva-image-non-sponsors-oui","meta":{"jetpack_post_was_ever_published":false,"footnotes":""},"class_list":["post-6267","page","type-page","status-publish","hentry"],"jetpack_sharing_enabled":true,"_links":{"self":[{"href":"https:\/\/geneve.wordcamp.org\/2022\/wp-json\/wp\/v2\/pages\/6267","targetHints":{"allow":["GET"]}}],"collection":[{"href":"https:\/\/geneve.wordcamp.org\/2022\/wp-json\/wp\/v2\/pages"}],"about":[{"href":"https:\/\/geneve.wordcamp.org\/2022\/wp-json\/wp\/v2\/types\/page"}],"author":[{"embeddable":true,"href":"https:\/\/geneve.wordcamp.org\/2022\/wp-json\/wp\/v2\/users\/7586875"}],"replies":[{"embeddable":true,"href":"https:\/\/geneve.wordcamp.org\/2022\/wp-json\/wp\/v2\/comments?post=6267"}],"version-history":[{"count":7,"href":"https:\/\/geneve.wordcamp.org\/2022\/wp-json\/wp\/v2\/pages\/6267\/revisions"}],"predecessor-version":[{"id":6286,"href":"https:\/\/geneve.wordcamp.org\/2022\/wp-json\/wp\/v2\/pages\/6267\/revisions\/6286"}],"wp:attachment":[{"href":"https:\/\/geneve.wordcamp.org\/2022\/wp-json\/wp\/v2\/media?parent=6267"}],"curies":[{"name":"wp","href":"https:\/\/api.w.org\/{rel}","templated":true}]}}