{"id":6076,"date":"2022-03-13T16:46:22","date_gmt":"2022-03-13T15:46:22","guid":{"rendered":"https:\/\/geneve.wordcamp.org\/2022\/?page_id=6076"},"modified":"2022-03-28T10:26:32","modified_gmt":"2022-03-28T08:26:32","slug":"fr","status":"publish","type":"page","link":"https:\/\/geneve.wordcamp.org\/2022\/","title":{"rendered":"Bienvenue au WordCamp Gen\u00e8ve (9 avril 2022)"},"content":{"rendered":"\n<h1 class=\"has-text-align-center wp-block-heading\" id=\"wordcamp-geneve-9-avril-2022\" style=\"font-size:5rem\">WordCamp Gen\u00e8ve \/ <em><strong>9 avril 2022<\/strong><\/em><\/h1>\n\n\n\n<div style=\"height:40px\" aria-hidden=\"true\" class=\"wp-block-spacer\"><\/div>\n\n\n\n<div class=\"wp-block-media-text alignfull is-stacked-on-mobile\" style=\"grid-template-columns:25% auto\"><figure class=\"wp-block-media-text__media\"><img loading=\"lazy\" decoding=\"async\" width=\"512\" height=\"512\" src=\"https:\/\/geneve.wordcamp.org\/2022\/files\/2022\/03\/question-5.png\" alt=\"\" class=\"wp-image-6218 size-full\" srcset=\"https:\/\/geneve.wordcamp.org\/2022\/files\/2022\/03\/question-5.png 512w, https:\/\/geneve.wordcamp.org\/2022\/files\/2022\/03\/question-5-300x300.png 300w, https:\/\/geneve.wordcamp.org\/2022\/files\/2022\/03\/question-5-150x150.png 150w\" sizes=\"auto, (max-width: 512px) 100vw, 512px\" \/><\/figure><div class=\"wp-block-media-text__content\">\n<h2 class=\"has-text-align-left has-custom-color-1-color has-text-color wp-block-heading\" id=\"espaces-ouverts-1\"><strong>Qu&rsquo;est-ce qu&rsquo;un WordCamp<\/strong><\/h2>\n\n\n\n<p class=\"has-text-align-justify\">C\u2019est une journ\u00e9e de conf\u00e9rences ax\u00e9es sur WordPress et des th\u00e8mes apparent\u00e9s. Chacun et chacune peut y participer, tant des personnes utilisant occasionnellement WordPress que des sp\u00e9cialistes en d\u00e9veloppement. Le but est de partager des id\u00e9es, \u00e9changer des exp\u00e9riences, \u00e9largir et parfaire ses connaissances et nouer des nouveaux contacts. Les WordCamps sont des \u00e9v\u00e9nements inclusifs, tout le monde y est bienvenu.<\/p>\n\n\n\n<p class=\"has-text-align-right has-extra-small-font-size\"><a href=\"https:\/\/geneve.wordcamp.org\/2022\/quest-ce-quun-wordcamp\/\">Lire plus \u2197<\/a><\/p>\n<\/div><\/div>\n\n\n\n<hr class=\"wp-block-separator has-text-color has-background has-custom-color-1-background-color has-custom-color-1-color is-style-default\" \/>\n\n\n\n<div class=\"wp-block-media-text alignfull has-media-on-the-right is-stacked-on-mobile\" style=\"grid-template-columns:auto 25%\"><figure class=\"wp-block-media-text__media\"><img loading=\"lazy\" decoding=\"async\" width=\"512\" height=\"512\" src=\"https:\/\/geneve.wordcamp.org\/2022\/files\/2022\/03\/calendar-1.png\" alt=\"\" class=\"wp-image-6217 size-full\" srcset=\"https:\/\/geneve.wordcamp.org\/2022\/files\/2022\/03\/calendar-1.png 512w, https:\/\/geneve.wordcamp.org\/2022\/files\/2022\/03\/calendar-1-300x300.png 300w, https:\/\/geneve.wordcamp.org\/2022\/files\/2022\/03\/calendar-1-150x150.png 150w\" sizes=\"auto, (max-width: 512px) 100vw, 512px\" \/><\/figure><div class=\"wp-block-media-text__content\">\n<h2 class=\"has-text-align-left has-custom-color-2-color has-text-color wp-block-heading\" id=\"espaces-ouverts-1\"><strong>Le programme<\/strong><\/h2>\n\n\n\n<p class=\"has-text-align-justify\">L\u2019id\u00e9e est de r\u00e9unir tout le monde sur un m\u00eame lieu et une m\u00eame journ\u00e9e (samedi 9 avril) afin de proposer un programme \u00e9toff\u00e9 : une salle d\u00e9di\u00e9e aux conf\u00e9rences, une autre \u00e0 des ateliers, un \u00ab\u00a0Happiness Bar\u00a0\u00bb (pour poser toutes vos questions sur WordPress), une table de contribution (comme lors d\u2019une journ\u00e9e de contribution), sans oublier le caf\u00e9, le d\u00e9jeuner et le repas du soir avec son \u00ab\u00a0after-party\u00a0\u00bb.<\/p>\n\n\n\n<p class=\"has-text-align-right has-extra-small-font-size\"><a href=\"https:\/\/geneve.wordcamp.org\/2022\/programme\/\">Consulter le programme \u2197<\/a><\/p>\n<\/div><\/div>\n\n\n\n<hr class=\"wp-block-separator has-text-color has-background has-custom-color-2-background-color has-custom-color-2-color is-style-default\" \/>\n\n\n\n<div class=\"wp-block-media-text alignfull is-stacked-on-mobile\" style=\"grid-template-columns:25% auto\"><figure class=\"wp-block-media-text__media\"><img loading=\"lazy\" decoding=\"async\" width=\"512\" height=\"512\" src=\"https:\/\/geneve.wordcamp.org\/2022\/files\/2022\/03\/search.png\" alt=\"\" class=\"wp-image-6210 size-full\" srcset=\"https:\/\/geneve.wordcamp.org\/2022\/files\/2022\/03\/search.png 512w, https:\/\/geneve.wordcamp.org\/2022\/files\/2022\/03\/search-300x300.png 300w, https:\/\/geneve.wordcamp.org\/2022\/files\/2022\/03\/search-150x150.png 150w\" sizes=\"auto, (max-width: 512px) 100vw, 512px\" \/><\/figure><div class=\"wp-block-media-text__content\">\n<h2 class=\"has-text-align-left has-custom-color-1-color has-text-color wp-block-heading\" id=\"espaces-ouverts-1\"><strong>Le lieu \u00ab\u00a0Voisins de Blandonnet\u00a0\u00bb<\/strong><\/h2>\n\n\n\n<p class=\"has-text-align-justify\">Accueillant jusqu\u2019\u00e0 140 personnes, ce lieu accueillera l\u2019ensemble du WordCamp. Il est facilement accessible en transports publics : vous pouvez envisager l\u2019aller-retour dans la journ\u00e9e, m\u00eame depuis l\u2019autre bout de la Suisse !<\/p>\n\n\n\n<p class=\"has-text-align-right has-extra-small-font-size\"><a href=\"https:\/\/geneve.wordcamp.org\/2022\/lieu\/\">Voir le lieu \u2197<\/a><\/p>\n<\/div><\/div>\n\n\n\n<hr class=\"wp-block-separator has-text-color has-background has-custom-color-1-background-color has-custom-color-1-color is-style-default\" \/>\n\n\n\n<div class=\"wp-block-media-text alignfull has-media-on-the-right is-stacked-on-mobile\" style=\"grid-template-columns:auto 25%\"><figure class=\"wp-block-media-text__media\"><img loading=\"lazy\" decoding=\"async\" width=\"512\" height=\"512\" src=\"https:\/\/geneve.wordcamp.org\/2022\/files\/2022\/03\/structure.png\" alt=\"\" class=\"wp-image-6212 size-full\" srcset=\"https:\/\/geneve.wordcamp.org\/2022\/files\/2022\/03\/structure.png 512w, https:\/\/geneve.wordcamp.org\/2022\/files\/2022\/03\/structure-300x300.png 300w, https:\/\/geneve.wordcamp.org\/2022\/files\/2022\/03\/structure-150x150.png 150w\" sizes=\"auto, (max-width: 512px) 100vw, 512px\" \/><\/figure><div class=\"wp-block-media-text__content\">\n<h2 class=\"has-text-align-left has-custom-color-2-color has-text-color wp-block-heading\" id=\"espaces-ouverts-1\"><strong>Une session de contribution<\/strong><\/h2>\n\n\n\n<p class=\"has-text-align-justify\">Cette \u00e9dition du WordCamp ne proposera pas de <a rel=\"noreferrer noopener\" href=\"https:\/\/europe.wordcamp.org\/2022\/contributor-day\/\" target=\"_blank\">Journ\u00e9e de contribution<\/a> d\u00e9di\u00e9e, mais un espace \u00e0 la contribution autour de \u00ab\u00a0La Table\u00a0\u00bb y sera organis\u00e9. Les contributeurs pourront la rejoindre tout au long de la journ\u00e9e.<\/p>\n\n\n\n<p class=\"has-text-align-justify\">Pour les moins aguerris, une session \u00ab\u00a0Introduction \u00e0 la contribution\u00a0\u00bb vous montrera que toute connaissance et tout niveau de comp\u00e9tences sont les bienvenus pour participer \u00e0 ce beau projet open-source qu\u2019est WordPress.<\/p>\n\n\n\n<p class=\"has-text-align-right has-extra-small-font-size\"><a href=\"https:\/\/geneve.wordcamp.org\/2022\/session\/comment-contribuer-a-wordpress\/\">En savoir plus \u2197<\/a><\/p>\n<\/div><\/div>\n\n\n\n<hr class=\"wp-block-separator has-text-color has-background has-custom-color-2-background-color has-custom-color-2-color is-style-default\" \/>\n\n\n\n<div class=\"wp-block-media-text alignfull is-stacked-on-mobile\" style=\"grid-template-columns:25% auto\"><figure class=\"wp-block-media-text__media\"><img loading=\"lazy\" decoding=\"async\" width=\"512\" height=\"512\" src=\"https:\/\/geneve.wordcamp.org\/2022\/files\/2022\/03\/salary.png\" alt=\"\" class=\"wp-image-6211 size-full\" srcset=\"https:\/\/geneve.wordcamp.org\/2022\/files\/2022\/03\/salary.png 512w, https:\/\/geneve.wordcamp.org\/2022\/files\/2022\/03\/salary-300x300.png 300w, https:\/\/geneve.wordcamp.org\/2022\/files\/2022\/03\/salary-150x150.png 150w\" sizes=\"auto, (max-width: 512px) 100vw, 512px\" \/><\/figure><div class=\"wp-block-media-text__content\">\n<h2 class=\"has-text-align-left has-custom-color-1-color has-text-color wp-block-heading\" id=\"espaces-ouverts-1\"><strong>Un prix abordable<\/strong><\/h2>\n\n\n\n<p class=\"has-text-align-justify\">Les WordCamps sont des \u00e9v\u00e9nements qui se veulent abordables. Vous b\u00e9n\u00e9ficierez de tout ce programme pour seulement CHF 25.-, t-shirt, conf\u00e9rences, caf\u00e9, repas de midi et du soir compris. Alors que le r\u00e9el prix de l&rsquo;entr\u00e9e avoisine les CHF 180.-, on peut donc remercier chaleureusement nos <a href=\"https:\/\/geneve.wordcamp.org\/2022\/sponsors\/\">sponsors<\/a> de payer la diff\u00e9rence.<\/p>\n\n\n\n<p class=\"has-text-align-justify\">Pour l\u2019ensemble de l\u2019\u00e9v\u00e9nement, nous serons 140 au grand maximum, alors n\u2019attendez plus pour r\u00e9server votre place, avant qu\u2019il ne soit trop tard !&nbsp;<\/p>\n\n\n\n<p class=\"has-text-align-right has-extra-small-font-size\"><a href=\"https:\/\/geneve.wordcamp.org\/2022\/tickets\/\" data-type=\"page\" data-id=\"13\">Acheter mon ticket \u2197<\/a><\/p>\n<\/div><\/div>\n\n\n\n<div style=\"height:100px\" aria-hidden=\"true\" class=\"wp-block-spacer hide-if-mobile\"><\/div>\n\n\n\n<h2 class=\"has-text-align-center wp-block-heading\" id=\"sans-eux-il-n-y-aurait-pas-de-wordcamp\">Sans eux il n&rsquo;y aurait pas de WordCamp<\/h2>\n\n\n\n<div style=\"height:25px\" aria-hidden=\"true\" class=\"wp-block-spacer\"><\/div>\n\n\n\n<div class=\"wp-block-columns is-layout-flex wp-container-core-columns-is-layout-28f84493 wp-block-columns-is-layout-flex\">\n<div class=\"wp-block-column is-vertically-aligned-top is-layout-flow wp-block-column-is-layout-flow\">\n<div class=\"wp-block-cover aligncenter object-fit-contain\" style=\"min-height:100px;aspect-ratio:unset;\"><span aria-hidden=\"true\" class=\"wp-block-cover__background has-background-dim-0 has-background-dim\"><\/span><img loading=\"lazy\" decoding=\"async\" width=\"316\" height=\"320\" class=\"wp-block-cover__image-background wp-image-6120\" alt=\"\" src=\"https:\/\/geneve.wordcamp.org\/2022\/files\/2022\/03\/people-1.png\" data-object-fit=\"cover\" srcset=\"https:\/\/geneve.wordcamp.org\/2022\/files\/2022\/03\/people-1.png 316w, https:\/\/geneve.wordcamp.org\/2022\/files\/2022\/03\/people-1-296x300.png 296w\" sizes=\"auto, (max-width: 316px) 100vw, 316px\" \/><div class=\"wp-block-cover__inner-container is-layout-flow wp-block-cover-is-layout-flow\">\n<p class=\"has-text-align-center has-large-font-size\"><\/p>\n<\/div><\/div>\n\n\n\n<h3 class=\"has-text-align-center has-large-font-size wp-block-heading\" id=\"organisateurs\"><a href=\"https:\/\/geneve.wordcamp.org\/2022\/equipe-dorganisation\/\">Organisateurs<\/a><\/h3>\n<\/div>\n\n\n\n<div class=\"wp-block-column is-vertically-aligned-top is-layout-flow wp-block-column-is-layout-flow\">\n<div class=\"wp-block-cover aligncenter object-fit-contain\" style=\"min-height:100px;aspect-ratio:unset;\"><span aria-hidden=\"true\" class=\"wp-block-cover__background has-background-dim-0 has-background-dim\"><\/span><img loading=\"lazy\" decoding=\"async\" width=\"359\" height=\"379\" class=\"wp-block-cover__image-background wp-image-6121\" alt=\"\" src=\"https:\/\/geneve.wordcamp.org\/2022\/files\/2022\/03\/speakers-1.png\" data-object-fit=\"cover\" srcset=\"https:\/\/geneve.wordcamp.org\/2022\/files\/2022\/03\/speakers-1.png 359w, https:\/\/geneve.wordcamp.org\/2022\/files\/2022\/03\/speakers-1-284x300.png 284w\" sizes=\"auto, (max-width: 359px) 100vw, 359px\" \/><div class=\"wp-block-cover__inner-container is-layout-flow wp-block-cover-is-layout-flow\">\n<p class=\"has-text-align-center has-large-font-size\"><\/p>\n<\/div><\/div>\n\n\n\n<h3 class=\"has-text-align-center has-large-font-size wp-block-heading\" id=\"organisateurs\"><a href=\"https:\/\/geneve.wordcamp.org\/2022\/orateur-rice-s-speakers\/\">Orateurs<\/a><\/h3>\n<\/div>\n\n\n\n<div class=\"wp-block-column is-vertically-aligned-top is-layout-flow wp-block-column-is-layout-flow\">\n<div class=\"wp-block-cover aligncenter object-fit-contain\" style=\"min-height:100px;aspect-ratio:unset;\"><span aria-hidden=\"true\" class=\"wp-block-cover__background has-background-dim-0 has-background-dim\"><\/span><img loading=\"lazy\" decoding=\"async\" width=\"420\" height=\"399\" class=\"wp-block-cover__image-background wp-image-6122\" alt=\"\" src=\"https:\/\/geneve.wordcamp.org\/2022\/files\/2022\/03\/attendees-1.png\" data-object-fit=\"cover\" srcset=\"https:\/\/geneve.wordcamp.org\/2022\/files\/2022\/03\/attendees-1.png 420w, https:\/\/geneve.wordcamp.org\/2022\/files\/2022\/03\/attendees-1-300x285.png 300w, https:\/\/geneve.wordcamp.org\/2022\/files\/2022\/03\/attendees-1-316x300.png 316w\" sizes=\"auto, (max-width: 420px) 100vw, 420px\" \/><div class=\"wp-block-cover__inner-container is-layout-flow wp-block-cover-is-layout-flow\">\n<p class=\"has-text-align-center has-large-font-size\"><\/p>\n<\/div><\/div>\n\n\n\n<h3 class=\"has-text-align-center has-large-font-size wp-block-heading\" id=\"organisateurs\"><a href=\"https:\/\/geneve.wordcamp.org\/2022\/attendees\/\">Participants<\/a><\/h3>\n<\/div>\n<\/div>\n\n\n\n<div style=\"height:40px\" aria-hidden=\"true\" class=\"wp-block-spacer\"><\/div>\n\n\n\n<h2 class=\"has-text-align-center wp-block-heading\" id=\"merci-a-nos-sponsors\">Merci \u00e0 nos sponsors<\/h2>\n","protected":false},"excerpt":{"rendered":"<p>WordCamp Gen\u00e8ve \/ 9 avril 2022 Qu&rsquo;est-ce qu&rsquo;un WordCamp C\u2019est une journ\u00e9e de conf\u00e9rences ax\u00e9es sur WordPress et des th\u00e8mes apparent\u00e9s. Chacun et chacune peut y participer, tant des personnes utilisant occasionnellement WordPress que des sp\u00e9cialistes en d\u00e9veloppement. Le but est de partager des id\u00e9es, \u00e9changer des exp\u00e9riences, \u00e9largir et parfaire ses connaissances et nouer [&hellip;]<\/p>\n","protected":false},"author":14749094,"featured_media":133,"parent":0,"menu_order":0,"comment_status":"closed","ping_status":"closed","template":"","meta":{"jetpack_post_was_ever_published":false,"footnotes":""},"class_list":["post-6076","page","type-page","status-publish","has-post-thumbnail","hentry"],"jetpack_sharing_enabled":true,"_links":{"self":[{"href":"https:\/\/geneve.wordcamp.org\/2022\/wp-json\/wp\/v2\/pages\/6076","targetHints":{"allow":["GET"]}}],"collection":[{"href":"https:\/\/geneve.wordcamp.org\/2022\/wp-json\/wp\/v2\/pages"}],"about":[{"href":"https:\/\/geneve.wordcamp.org\/2022\/wp-json\/wp\/v2\/types\/page"}],"author":[{"embeddable":true,"href":"https:\/\/geneve.wordcamp.org\/2022\/wp-json\/wp\/v2\/users\/14749094"}],"replies":[{"embeddable":true,"href":"https:\/\/geneve.wordcamp.org\/2022\/wp-json\/wp\/v2\/comments?post=6076"}],"version-history":[{"count":62,"href":"https:\/\/geneve.wordcamp.org\/2022\/wp-json\/wp\/v2\/pages\/6076\/revisions"}],"predecessor-version":[{"id":6537,"href":"https:\/\/geneve.wordcamp.org\/2022\/wp-json\/wp\/v2\/pages\/6076\/revisions\/6537"}],"wp:featuredmedia":[{"embeddable":true,"href":"https:\/\/geneve.wordcamp.org\/2022\/wp-json\/wp\/v2\/media\/133"}],"wp:attachment":[{"href":"https:\/\/geneve.wordcamp.org\/2022\/wp-json\/wp\/v2\/media?parent=6076"}],"curies":[{"name":"wp","href":"https:\/\/api.w.org\/{rel}","templated":true}]}}