{"id":2945,"date":"2022-01-31T15:29:36","date_gmt":"2022-01-31T14:29:36","guid":{"rendered":"https:\/\/geneve.wordcamp.org\/2022\/?page_id=2945"},"modified":"2022-04-03T11:20:39","modified_gmt":"2022-04-03T09:20:39","slug":"lieu","status":"publish","type":"page","link":"https:\/\/geneve.wordcamp.org\/2022\/lieu\/","title":{"rendered":"Lieu"},"content":{"rendered":"\n<p class=\"wp-block-paragraph\"><em>[<a href=\"https:\/\/geneve.wordcamp.org\/2022\/location\/\" data-type=\"page\" data-id=\"11\">\u2192&nbsp;English version<\/a>]<\/em><\/p>\n\n\n\n<p class=\"wp-block-paragraph\">Le WordCamp Gen\u00e8ve 2022 aura lieu \u00e0 l\u2019espace de coworking <strong>Voisins de Blandonnet<\/strong>. <\/p>\n\n\n\n<p class=\"wp-block-paragraph\">Le projet Voisins offre des espaces de coworking aux nomades num\u00e9riques qui en ont assez de la solitude du bureau \u00e0 domicile, qui peinent \u00e0 se concentrer dans le brouhaha des caf\u00e9s ou qui sont peu inspir\u00e9s dans le silence et l\u2019environnement st\u00e9rile des biblioth\u00e8ques et des bureaux.<\/p>\n\n\n\n<!--more-->\n\n\n\n<p class=\"wp-block-paragraph\">Voisins propose d\u00e9j\u00e0 quatre sites \u00e0 Gen\u00e8ve. Ceux-ci offrent des espaces de travail publics et priv\u00e9s, ainsi que des salles de conf\u00e9rence de diff\u00e9rentes tailles. Ils sont en outre tous dot\u00e9s d&rsquo;un caf\u00e9 o\u00f9 l\u2019on peut venir prendre une petite pause ou se poser avec une boisson chaude et une collation pour revigorer les cellules grises.<\/p>\n\n\n\n<p class=\"wp-block-paragraph\"><strong><strong>Voisins de Blandonnet<\/strong><\/strong>, l&rsquo;un des quatre sites les plus r\u00e9cents, a ouvert ses portes en juin 2019. Sa proximit\u00e9 de l&rsquo;a\u00e9roport (et de la gare de Gen\u00e8ve-A\u00e9roport) et une liaison directe avec le centre-ville et la gare principale (Gen\u00e8ve Cornavin) en fait un endroit id\u00e9al pour les personnes en d\u00e9placement ou pour les locaux ayant besoin d&rsquo;un espace de coworking facilement accessible.<\/p>\n\n\n\n<p class=\"wp-block-paragraph\">Voisins de Blandonnet se trouve dans <a href=\"https:\/\/www.google.com\/maps\/@46.2207201,6.0979979,3a,75y,79.23h,110.67t\/data=!3m7!1e1!3m5!1sLbgXmP74E8zw5hUCnCCxQQ!2e0!6s%2F%2Fgeo0.ggpht.com%2Fcbk%3Fpanoid%3DLbgXmP74E8zw5hUCnCCxQQ%26output%3Dthumbnail%26cb_client%3Dmaps_sv.tactile.gps%26thumb%3D2%26w%3D203%26h%3D100%26yaw%3D77.45143%26pitch%3D0%26thumbfov%3D100!7i13312!8i6656\">ce b\u00e2timent<\/a> (au-dessus de l&rsquo;entr\u00e9e, vous verrez un panneau avec l\u2019indication \u00ab\u00a0BIRD\u00a0\u00bb). Pour plus d&rsquo;informations sur l\u2019offre de ce site, rendez-vous sur <a href=\"https:\/\/www.voisins.ch\/voisins-blandonnet\/\">https:\/\/www.voisins.ch\/voisins-blandonnet\/<\/a>. Une <a href=\"https:\/\/my.matterport.com\/show\/?m=ddJoDaJ31D5\">visite virtuelle de cet espace de coworking<\/a> est vivement recommand\u00e9e!<\/p>\n\n\n\n<h2 class=\"wp-block-heading\" id=\"transports-publics\">Transports publics<\/h2>\n\n\n\n<p class=\"wp-block-paragraph\">Il est possible de faire l&rsquo;aller-retour dans la m\u00eame journ\u00e9e, nous en avons fait un <a href=\"https:\/\/geneve.wordcamp.org\/2022\/geneve-aller-retour-en-une-journee\/\">article<\/a>.<\/p>\n\n\n\n<p class=\"wp-block-paragraph\">Le site est facilement accessible :<\/p>\n\n\n\n<ul class=\"wp-block-list\"><li>depuis le centre ville avec les trams 14 et 18<\/li><li>depuis l&rsquo;a\u00e9roport avec les bus 23, 28 et 57<\/li><\/ul>\n\n\n\n<p class=\"wp-block-paragraph\">Autres lignes de bus avec arr\u00eat \u00e0 proximit\u00e9 : 14, 18, 23, 28, 53, 56, 57.<\/p>\n\n\n\n<p class=\"wp-block-paragraph\">L\u2019itin\u00e9raire pour se rendre \u00e0 l&rsquo;immeuble \u00e0 partir de l&rsquo;arr\u00eat de bus \/ tram le plus proche (Blandonnet) se trouve <a href=\"https:\/\/www.google.com\/maps\/dir\/46.221976,6.0973357\/46.2207388,6.0983819\/@46.2212184,6.0961843,557m\/am=t\/data=!3m1!1e3!4m2!4m1!3e2\">ici<\/a>.<\/p>\n\n\n\n<h2 class=\"wp-block-heading\" id=\"parking\">Parking<\/h2>\n\n\n\n<p class=\"wp-block-paragraph\">Nous avons la chance de pouvoir utiliser gratuitement le parking souterrain (situ\u00e9 au -2) du b\u00e2timent o\u00f9 se trouve \u201cVoisins de Blandonnet\u201d au rez-de-chauss\u00e9e. Attention cependant aux limitations : hauteur 2,10m, pas de GPL et max 3,5t.<\/p>\n\n\n\n<p class=\"wp-block-paragraph\">L\u2019acc\u00e8s en voiture se fait par l\u2019entr\u00e9e indiqu\u00e9e \u201cParking Priv\u00e9\u201d. Il y a deux entr\u00e9es dont l\u2019une est un parking public payant + livraisons (la barri\u00e8re sera ferm\u00e9e) et notre entr\u00e9e du parking priv\u00e9, o\u00f9 la barri\u00e8re sera ouverte pour l&rsquo;occasion de 7h du matin \u00e0 1h du matin. Une fois entr\u00e9, descendre au 2<sup>e<\/sup> sous-sol et suivre le fl\u00e9chage WordCamp. Se garer uniquement sur les places indiqu\u00e9es LIVIT.<\/p>\n\n\n\n<p class=\"wp-block-paragraph\">Prendre ensuite l&rsquo;ascenseur pour aller du -2 au -1 et entrer par l\u2019entr\u00e9e BIRD. Il reste encore \u00e0 monter 1 \u00e9tage \u00e0 pied pour atteindre le rez-de-chauss\u00e9e o\u00f9 se tient l\u2019\u00e9v\u00e9nement (si un acc\u00e8s ascenseur jusqu&rsquo;au rez-de-chauss\u00e9e est requis, nous le ferons sur demande avec un badge).<\/p>\n\n\n\n<p class=\"wp-block-paragraph\"><\/p>\n\n\n\n<div class=\"wp-block-columns is-layout-flex wp-container-core-columns-is-layout-f56f613f wp-block-columns-is-layout-flex\">\n<div class=\"wp-block-column is-layout-flow wp-block-column-is-layout-flow\">\n<h2 class=\"wp-block-heading\" id=\"informations-pratiques\">Informations pratiques<\/h2>\n\n\n\n<p class=\"wp-block-paragraph\">VOISINS DE BLANDONNET<br>Chemin de Blandonnet 8<br>1214 Vernier<br>Tel. 022 735 24 24<\/p>\n\n\n\n<p class=\"wp-block-paragraph\"><a href=\"https:\/\/g.page\/coworking-blandonnet-voisins?share\">Voir sur Google Maps<\/a><\/p>\n<\/div>\n\n\n\n<div class=\"wp-block-column is-layout-flow wp-block-column-is-layout-flow\">\n<div class=\"googlemaps\">\n\t\t\t\t<iframe loading=\"lazy\" width=\"600\" height=\"450\" frameborder=\"0\" scrolling=\"no\" marginheight=\"0\" marginwidth=\"0\"  src=\"https:\/\/www.google.com\/maps\/embed?pb=!1m14!1m8!1m3!1d5520.9939344652585!2d6.098683!3d46.220461!3m2!1i1024!2i768!4f13.1!3m3!1m2!1s0x478c63603e2436ef:0xcc9eff4ec26b2ba8!2sChemin%20de%20Blandonnet%208,%201214%20Vernier,%20Suisse!5e0!3m2!1sfr!2sfr!4v1574260990137!5m2!1sfr!2sfr\"><\/iframe>\n\t\t\t<\/div>\n<\/div>\n<\/div>\n\n\n\n<div style=\"height:50px\" aria-hidden=\"true\" class=\"wp-block-spacer\"><\/div>\n\n\n\n<div class=\"wp-block-jetpack-tiled-gallery alignwide is-style-rectangular\"><div class=\"tiled-gallery__gallery\"><div class=\"tiled-gallery__row\"><div class=\"tiled-gallery__col\" style=\"flex-basis:54.18453%\"><figure class=\"tiled-gallery__item\"><img decoding=\"async\" srcset=\"https:\/\/i2.wp.com\/geneve.wordcamp.org\/2022\/files\/2022\/01\/voisins-blandonnet-cafe-01-1024x576.jpg?strip=info&#038;w=600&#038;ssl=1 600w,https:\/\/i2.wp.com\/geneve.wordcamp.org\/2022\/files\/2022\/01\/voisins-blandonnet-cafe-01-1024x576.jpg?strip=info&#038;w=900&#038;ssl=1 900w,https:\/\/i2.wp.com\/geneve.wordcamp.org\/2022\/files\/2022\/01\/voisins-blandonnet-cafe-01-1024x576.jpg?strip=info&#038;w=1200&#038;ssl=1 1200w,https:\/\/i2.wp.com\/geneve.wordcamp.org\/2022\/files\/2022\/01\/voisins-blandonnet-cafe-01-1024x576.jpg?strip=info&#038;w=1500&#038;ssl=1 1500w,https:\/\/i2.wp.com\/geneve.wordcamp.org\/2022\/files\/2022\/01\/voisins-blandonnet-cafe-01-1024x576.jpg?strip=info&#038;w=1800&#038;ssl=1 1800w,https:\/\/i2.wp.com\/geneve.wordcamp.org\/2022\/files\/2022\/01\/voisins-blandonnet-cafe-01-1024x576.jpg?strip=info&#038;w=1920&#038;ssl=1 1920w\" alt=\"Birdhouse caf\u00e9 3\" data-height=\"1080\" data-id=\"2952\" data-link=\"https:\/\/geneve.wordcamp.org\/2022\/voisins-blandonnet-cafe-01\/\" data-url=\"https:\/\/geneve.wordcamp.org\/2022\/files\/2022\/01\/voisins-blandonnet-cafe-01-1024x576.jpg\" data-width=\"1920\" src=\"https:\/\/i2.wp.com\/geneve.wordcamp.org\/2022\/files\/2022\/01\/voisins-blandonnet-cafe-01-1024x576.jpg?ssl=1\" data-amp-layout=\"responsive\" \/><\/figure><\/div><div class=\"tiled-gallery__col\" style=\"flex-basis:45.81547%\"><figure class=\"tiled-gallery__item\"><img decoding=\"async\" srcset=\"https:\/\/i1.wp.com\/geneve.wordcamp.org\/2022\/files\/2022\/01\/voisins-blandonnet-workspace-modulable-conference-1024x682.jpg?strip=info&#038;w=600&#038;ssl=1 600w,https:\/\/i1.wp.com\/geneve.wordcamp.org\/2022\/files\/2022\/01\/voisins-blandonnet-workspace-modulable-conference-1024x682.jpg?strip=info&#038;w=900&#038;ssl=1 900w,https:\/\/i1.wp.com\/geneve.wordcamp.org\/2022\/files\/2022\/01\/voisins-blandonnet-workspace-modulable-conference-1024x682.jpg?strip=info&#038;w=1200&#038;ssl=1 1200w,https:\/\/i1.wp.com\/geneve.wordcamp.org\/2022\/files\/2022\/01\/voisins-blandonnet-workspace-modulable-conference-1024x682.jpg?strip=info&#038;w=1280&#038;ssl=1 1280w\" alt=\"Voisins Blandonnet 1\" data-height=\"852\" data-id=\"2957\" data-link=\"https:\/\/geneve.wordcamp.org\/2022\/voisins-blandonnet-workspace-modulable-conference\/\" data-url=\"https:\/\/geneve.wordcamp.org\/2022\/files\/2022\/01\/voisins-blandonnet-workspace-modulable-conference-1024x682.jpg\" data-width=\"1280\" src=\"https:\/\/i1.wp.com\/geneve.wordcamp.org\/2022\/files\/2022\/01\/voisins-blandonnet-workspace-modulable-conference-1024x682.jpg?ssl=1\" data-amp-layout=\"responsive\" \/><\/figure><\/div><\/div><div class=\"tiled-gallery__row\"><div class=\"tiled-gallery__col\" style=\"flex-basis:50.00000%\"><figure class=\"tiled-gallery__item\"><img decoding=\"async\" srcset=\"https:\/\/i0.wp.com\/geneve.wordcamp.org\/2022\/files\/2022\/01\/voisins-blandonnet-workspace-modulable-1024x576.jpg?strip=info&#038;w=600&#038;ssl=1 600w,https:\/\/i0.wp.com\/geneve.wordcamp.org\/2022\/files\/2022\/01\/voisins-blandonnet-workspace-modulable-1024x576.jpg?strip=info&#038;w=900&#038;ssl=1 900w,https:\/\/i0.wp.com\/geneve.wordcamp.org\/2022\/files\/2022\/01\/voisins-blandonnet-workspace-modulable-1024x576.jpg?strip=info&#038;w=1200&#038;ssl=1 1200w,https:\/\/i0.wp.com\/geneve.wordcamp.org\/2022\/files\/2022\/01\/voisins-blandonnet-workspace-modulable-1024x576.jpg?strip=info&#038;w=1500&#038;ssl=1 1500w,https:\/\/i0.wp.com\/geneve.wordcamp.org\/2022\/files\/2022\/01\/voisins-blandonnet-workspace-modulable-1024x576.jpg?strip=info&#038;w=1800&#038;ssl=1 1800w,https:\/\/i0.wp.com\/geneve.wordcamp.org\/2022\/files\/2022\/01\/voisins-blandonnet-workspace-modulable-1024x576.jpg?strip=info&#038;w=1920&#038;ssl=1 1920w\" alt=\"Voisins Blandonnet 2\" data-height=\"1080\" data-id=\"2956\" data-link=\"https:\/\/geneve.wordcamp.org\/2022\/voisins-blandonnet-workspace-modulable\/\" data-url=\"https:\/\/geneve.wordcamp.org\/2022\/files\/2022\/01\/voisins-blandonnet-workspace-modulable-1024x576.jpg\" data-width=\"1920\" src=\"https:\/\/i0.wp.com\/geneve.wordcamp.org\/2022\/files\/2022\/01\/voisins-blandonnet-workspace-modulable-1024x576.jpg?ssl=1\" data-amp-layout=\"responsive\" \/><\/figure><\/div><div class=\"tiled-gallery__col\" style=\"flex-basis:50.00000%\"><figure class=\"tiled-gallery__item\"><img decoding=\"async\" srcset=\"https:\/\/i1.wp.com\/geneve.wordcamp.org\/2022\/files\/2022\/01\/voisins-blandonnet-espace-publique-1024x576.jpg?strip=info&#038;w=600&#038;ssl=1 600w,https:\/\/i1.wp.com\/geneve.wordcamp.org\/2022\/files\/2022\/01\/voisins-blandonnet-espace-publique-1024x576.jpg?strip=info&#038;w=900&#038;ssl=1 900w,https:\/\/i1.wp.com\/geneve.wordcamp.org\/2022\/files\/2022\/01\/voisins-blandonnet-espace-publique-1024x576.jpg?strip=info&#038;w=1200&#038;ssl=1 1200w,https:\/\/i1.wp.com\/geneve.wordcamp.org\/2022\/files\/2022\/01\/voisins-blandonnet-espace-publique-1024x576.jpg?strip=info&#038;w=1500&#038;ssl=1 1500w,https:\/\/i1.wp.com\/geneve.wordcamp.org\/2022\/files\/2022\/01\/voisins-blandonnet-espace-publique-1024x576.jpg?strip=info&#038;w=1800&#038;ssl=1 1800w,https:\/\/i1.wp.com\/geneve.wordcamp.org\/2022\/files\/2022\/01\/voisins-blandonnet-espace-publique-1024x576.jpg?strip=info&#038;w=1920&#038;ssl=1 1920w\" alt=\"Voisins Blandonnet 3\" data-height=\"1080\" data-id=\"2955\" data-link=\"https:\/\/geneve.wordcamp.org\/2022\/voisins-blandonnet-espace-publique\/\" data-url=\"https:\/\/geneve.wordcamp.org\/2022\/files\/2022\/01\/voisins-blandonnet-espace-publique-1024x576.jpg\" data-width=\"1920\" src=\"https:\/\/i1.wp.com\/geneve.wordcamp.org\/2022\/files\/2022\/01\/voisins-blandonnet-espace-publique-1024x576.jpg?ssl=1\" data-amp-layout=\"responsive\" \/><\/figure><\/div><\/div><div class=\"tiled-gallery__row\"><div class=\"tiled-gallery__col\" style=\"flex-basis:50.00000%\"><figure class=\"tiled-gallery__item\"><img decoding=\"async\" srcset=\"https:\/\/i0.wp.com\/geneve.wordcamp.org\/2022\/files\/2022\/01\/voisins-blandonnet-cafe-03-1024x576.jpg?strip=info&#038;w=600&#038;ssl=1 600w,https:\/\/i0.wp.com\/geneve.wordcamp.org\/2022\/files\/2022\/01\/voisins-blandonnet-cafe-03-1024x576.jpg?strip=info&#038;w=900&#038;ssl=1 900w,https:\/\/i0.wp.com\/geneve.wordcamp.org\/2022\/files\/2022\/01\/voisins-blandonnet-cafe-03-1024x576.jpg?strip=info&#038;w=1200&#038;ssl=1 1200w,https:\/\/i0.wp.com\/geneve.wordcamp.org\/2022\/files\/2022\/01\/voisins-blandonnet-cafe-03-1024x576.jpg?strip=info&#038;w=1500&#038;ssl=1 1500w,https:\/\/i0.wp.com\/geneve.wordcamp.org\/2022\/files\/2022\/01\/voisins-blandonnet-cafe-03-1024x576.jpg?strip=info&#038;w=1800&#038;ssl=1 1800w,https:\/\/i0.wp.com\/geneve.wordcamp.org\/2022\/files\/2022\/01\/voisins-blandonnet-cafe-03-1024x576.jpg?strip=info&#038;w=1920&#038;ssl=1 1920w\" alt=\"Birdhouse caf\u00e9 1\" data-height=\"1080\" data-id=\"2954\" data-link=\"https:\/\/geneve.wordcamp.org\/2022\/voisins-blandonnet-cafe-03\/\" data-url=\"https:\/\/geneve.wordcamp.org\/2022\/files\/2022\/01\/voisins-blandonnet-cafe-03-1024x576.jpg\" data-width=\"1920\" src=\"https:\/\/i0.wp.com\/geneve.wordcamp.org\/2022\/files\/2022\/01\/voisins-blandonnet-cafe-03-1024x576.jpg?ssl=1\" data-amp-layout=\"responsive\" \/><\/figure><\/div><div class=\"tiled-gallery__col\" style=\"flex-basis:50.00000%\"><figure class=\"tiled-gallery__item\"><img decoding=\"async\" srcset=\"https:\/\/i2.wp.com\/geneve.wordcamp.org\/2022\/files\/2022\/01\/voisins-blandonnet-cafe-02-1024x576.jpg?strip=info&#038;w=600&#038;ssl=1 600w,https:\/\/i2.wp.com\/geneve.wordcamp.org\/2022\/files\/2022\/01\/voisins-blandonnet-cafe-02-1024x576.jpg?strip=info&#038;w=900&#038;ssl=1 900w,https:\/\/i2.wp.com\/geneve.wordcamp.org\/2022\/files\/2022\/01\/voisins-blandonnet-cafe-02-1024x576.jpg?strip=info&#038;w=1200&#038;ssl=1 1200w,https:\/\/i2.wp.com\/geneve.wordcamp.org\/2022\/files\/2022\/01\/voisins-blandonnet-cafe-02-1024x576.jpg?strip=info&#038;w=1500&#038;ssl=1 1500w,https:\/\/i2.wp.com\/geneve.wordcamp.org\/2022\/files\/2022\/01\/voisins-blandonnet-cafe-02-1024x576.jpg?strip=info&#038;w=1800&#038;ssl=1 1800w,https:\/\/i2.wp.com\/geneve.wordcamp.org\/2022\/files\/2022\/01\/voisins-blandonnet-cafe-02-1024x576.jpg?strip=info&#038;w=1920&#038;ssl=1 1920w\" alt=\"Birdhouse caf\u00e9 2\" data-height=\"1080\" data-id=\"2953\" data-link=\"https:\/\/geneve.wordcamp.org\/2022\/voisins-blandonnet-cafe-02\/\" data-url=\"https:\/\/geneve.wordcamp.org\/2022\/files\/2022\/01\/voisins-blandonnet-cafe-02-1024x576.jpg\" data-width=\"1920\" src=\"https:\/\/i2.wp.com\/geneve.wordcamp.org\/2022\/files\/2022\/01\/voisins-blandonnet-cafe-02-1024x576.jpg?ssl=1\" data-amp-layout=\"responsive\" \/><\/figure><\/div><\/div><\/div><\/div>\n","protected":false},"excerpt":{"rendered":"<p>[\u2192&nbsp;English version] Le WordCamp Gen\u00e8ve 2022 aura lieu \u00e0 l\u2019espace de coworking Voisins de Blandonnet. Le projet Voisins offre des espaces de coworking aux nomades num\u00e9riques qui en ont assez de la solitude du bureau \u00e0 domicile, qui peinent \u00e0 se concentrer dans le brouhaha des caf\u00e9s ou qui sont peu inspir\u00e9s dans le silence [&hellip;]<\/p>\n","protected":false},"author":7586875,"featured_media":2889,"parent":0,"menu_order":0,"comment_status":"closed","ping_status":"closed","template":"","meta":{"_crdt_document":"","jetpack_post_was_ever_published":false,"footnotes":""},"class_list":["post-2945","page","type-page","status-publish","has-post-thumbnail","hentry"],"jetpack_sharing_enabled":true,"_links":{"self":[{"href":"https:\/\/geneve.wordcamp.org\/2022\/wp-json\/wp\/v2\/pages\/2945","targetHints":{"allow":["GET"]}}],"collection":[{"href":"https:\/\/geneve.wordcamp.org\/2022\/wp-json\/wp\/v2\/pages"}],"about":[{"href":"https:\/\/geneve.wordcamp.org\/2022\/wp-json\/wp\/v2\/types\/page"}],"author":[{"embeddable":true,"href":"https:\/\/geneve.wordcamp.org\/2022\/wp-json\/wp\/v2\/users\/7586875"}],"replies":[{"embeddable":true,"href":"https:\/\/geneve.wordcamp.org\/2022\/wp-json\/wp\/v2\/comments?post=2945"}],"version-history":[{"count":15,"href":"https:\/\/geneve.wordcamp.org\/2022\/wp-json\/wp\/v2\/pages\/2945\/revisions"}],"predecessor-version":[{"id":6600,"href":"https:\/\/geneve.wordcamp.org\/2022\/wp-json\/wp\/v2\/pages\/2945\/revisions\/6600"}],"wp:featuredmedia":[{"embeddable":true,"href":"https:\/\/geneve.wordcamp.org\/2022\/wp-json\/wp\/v2\/media\/2889"}],"wp:attachment":[{"href":"https:\/\/geneve.wordcamp.org\/2022\/wp-json\/wp\/v2\/media?parent=2945"}],"curies":[{"name":"wp","href":"https:\/\/api.w.org\/{rel}","templated":true}]}}