{"id":13,"date":"2022-02-02T08:26:52","date_gmt":"2022-02-02T07:26:52","guid":{"rendered":"https:\/\/geneve.wordcamp.org\/2022\/?page_id=13"},"modified":"2022-10-05T17:39:40","modified_gmt":"2022-10-05T15:39:40","slug":"tickets","status":"publish","type":"page","link":"https:\/\/geneve.wordcamp.org\/2022\/tickets\/","title":{"rendered":"Tickets"},"content":{"rendered":"\n<p class=\"wp-block-paragraph\">[<em>English below French, and in the ticket order, English is following French in each field<\/em>]<\/p>\n\n\n\n<p class=\"wp-block-paragraph\">Mise \u00e0 jour: il n&rsquo;y a plus de billets disponibles<\/p>\n\n\n\n<p class=\"wp-block-paragraph\">Update: no available tickets anymore<\/p>\n\n\n\n<hr class=\"wp-block-separator has-css-opacity\" \/>\n\n\n\n<p class=\"wp-block-paragraph\">Le billet donne acc\u00e8s \u00e0 la journ\u00e9e de conf\u00e9rences du WordCamp Gen\u00e8ve le 9 avril 2022, incluant le repas de midi, le d\u00eener le soir (after-party sur place), des goodies et plein de bonne humeur !<br><br>Lors de la soir\u00e9e, l&rsquo;ap\u00e9ro, ainsi qu&rsquo;un verre de vin pendant le repas seront offert. Si vous d\u00e9sirez plus de vin ou de bi\u00e8re, vous pourrez en commander au bar \u00e0 vos frais.<br><br>Vous devrez respecter le <a href=\"https:\/\/geneve.wordcamp.org\/2022\/informations-covid\/\">r\u00e8glement COVID<\/a>.<br><br>La pr\u00e9-soir\u00e9e du 8 avril est offerte aux orateur-trice-s, aux b\u00e9n\u00e9voles et aux sponsors principaux, les autres personnes sont les bienvenues mais doivent payer leur repas (places limit\u00e9es). Nous organiserons les 2 d\u00eeners (pr\u00e9-soir\u00e9e et after-party) en fonction des inscriptions.<\/p>\n\n\n\n<p class=\"wp-block-paragraph\">La disponibilit\u00e9 et les tailles des T-shirts ne sont pas garanties, nous passerons commande quelques semaines avant l&rsquo;\u00e9v\u00e9nement, selon les informations que vous aurez remplies lors de l&rsquo;achat du billet.<\/p>\n\n\n\n<p class=\"wp-block-paragraph\">Ceci est le dernier lot, les r\u00e9servations qui avaient \u00e9t\u00e9 effecu\u00e9es pour les orateur-trice-s, les sponsors et l&rsquo;\u00e9quipe ont \u00e9t\u00e9 lib\u00e9r\u00e9es. Nous attendons un total d&rsquo;environ 140 personnes.<br><br>&#8212;<br><br>[English]<br>The ticket gives you access to the WordCamp Gen\u00e8ve conference day on April 9, 2022, including the lunch, the evening dinner (after-party on site), goodies and lots of fun!<br><br>During the evening, an aperitif and a glass of wine during the meal will be offered. If you want additional wine or beer, you will be able to pay for them at the bar.<br><br>You will have to respect the <a href=\"https:\/\/geneve.wordcamp.org\/2022\/covid-information\/\">COVID regulations<\/a>.<br><br>The warm-up event on April 8 is offered to speakers and main-sponsors, others are welcome but must pay for their dinner (limited seats). We will organise the 2 dinners (warm-up event and after-party) according to the number of registrations.<\/p>\n\n\n\n<p class=\"wp-block-paragraph\">The availability and sizes of T-shirts are not guaranteed, we will place orders a few weeks before the event, according to the information you will have filled in when purchasing the ticket.<\/p>\n\n\n\n<p class=\"wp-block-paragraph\">This is the last batch, tickets reservation for speakers, sponsors and the team have been released. We expect a total of about 140 people.<\/p>\n","protected":false},"excerpt":{"rendered":"<p>[English below French, and in the ticket order, English is following French in each field] Mise \u00e0 jour: il n&rsquo;y a plus de billets disponibles Update: no available tickets anymore Le billet donne acc\u00e8s \u00e0 la journ\u00e9e de conf\u00e9rences du WordCamp Gen\u00e8ve le 9 avril 2022, incluant le repas de midi, le d\u00eener le soir [&hellip;]<\/p>\n","protected":false},"author":7586875,"featured_media":2896,"parent":0,"menu_order":0,"comment_status":"closed","ping_status":"closed","template":"","meta":{"_crdt_document":"","jetpack_post_was_ever_published":false,"footnotes":""},"class_list":["post-13","page","type-page","status-publish","has-post-thumbnail","hentry"],"jetpack_sharing_enabled":true,"_links":{"self":[{"href":"https:\/\/geneve.wordcamp.org\/2022\/wp-json\/wp\/v2\/pages\/13","targetHints":{"allow":["GET"]}}],"collection":[{"href":"https:\/\/geneve.wordcamp.org\/2022\/wp-json\/wp\/v2\/pages"}],"about":[{"href":"https:\/\/geneve.wordcamp.org\/2022\/wp-json\/wp\/v2\/types\/page"}],"author":[{"embeddable":true,"href":"https:\/\/geneve.wordcamp.org\/2022\/wp-json\/wp\/v2\/users\/7586875"}],"replies":[{"embeddable":true,"href":"https:\/\/geneve.wordcamp.org\/2022\/wp-json\/wp\/v2\/comments?post=13"}],"version-history":[{"count":11,"href":"https:\/\/geneve.wordcamp.org\/2022\/wp-json\/wp\/v2\/pages\/13\/revisions"}],"predecessor-version":[{"id":6964,"href":"https:\/\/geneve.wordcamp.org\/2022\/wp-json\/wp\/v2\/pages\/13\/revisions\/6964"}],"wp:featuredmedia":[{"embeddable":true,"href":"https:\/\/geneve.wordcamp.org\/2022\/wp-json\/wp\/v2\/media\/2896"}],"wp:attachment":[{"href":"https:\/\/geneve.wordcamp.org\/2022\/wp-json\/wp\/v2\/media?parent=13"}],"curies":[{"name":"wp","href":"https:\/\/api.w.org\/{rel}","templated":true}]}}