{"id":123,"date":"2021-11-30T12:09:21","date_gmt":"2021-11-30T11:09:21","guid":{"rendered":"https:\/\/geneve.wordcamp.org\/2022\/?page_id=123"},"modified":"2022-03-13T15:44:52","modified_gmt":"2022-03-13T14:44:52","slug":"actualites","status":"publish","type":"page","link":"https:\/\/geneve.wordcamp.org\/2022\/actualites\/","title":{"rendered":"Actualit\u00e9s"},"content":{"rendered":"\n<p class=\"wp-block-paragraph\">[<em><a href=\"https:\/\/geneve.wordcamp.org\/2022\/news\/\" data-type=\"page\" data-id=\"2915\">\u2192&nbsp;English version<\/a><\/em>]<\/p>\n\n\n\n<p class=\"wp-block-paragraph\">Abonnez-vous pour recevoir nos nouvelles<\/p>\n\n\n<div class=\"wp-block-jetpack-subscriptions__supports-newline wp-block-jetpack-subscriptions\">\n\t\t<div>\n\t\t\t<div>\n\t\t\t\t<div>\n\t\t\t\t\t<p >\n\t\t\t\t\t\t<a href=\"https:\/\/geneve.wordcamp.org\/2022\/?post_type=page&#038;p=123\" style=\"font-size: 16px;padding: 15px 23px 15px 23px;margin: 0; margin-left: 10px;border-radius: 0px;border-width: 1px; text-decoration: none; white-space: nowrap; margin-left: 0\">Abonnez-vous<\/a>\n\t\t\t\t\t<\/p>\n\t\t\t\t<\/div>\n\t\t\t<\/div>\n\t\t<\/div>\n\t<\/div>\n\n\n<div style=\"height:30px\" aria-hidden=\"true\" class=\"wp-block-spacer\"><\/div>\n\n\n\n<div class=\"wp-block-query alignwide is-layout-constrained wp-block-query-is-layout-constrained\"><ul class=\"alignwide wp-block-post-template is-layout-flow wp-block-post-template-is-layout-flow\"><li class=\"wp-block-post post-6667 post type-post status-publish format-standard has-post-thumbnail hentry category-francais\">\n\n<div class=\"wp-block-group is-layout-flow wp-block-group-is-layout-flow\"><figure style=\"margin-top:calc(1.75 * var(--wp--style--block-gap));\" class=\"alignwide wp-block-post-featured-image\"><a href=\"https:\/\/geneve.wordcamp.org\/2022\/un-grand-merci\/\" target=\"_self\"  ><img loading=\"lazy\" decoding=\"async\" width=\"1568\" height=\"515\" src=\"https:\/\/geneve.wordcamp.org\/2022\/files\/2021\/12\/wcgeneve-photo-by-carlita-benazito-1568x515.jpg\" class=\"attachment-post-thumbnail size-post-thumbnail wp-post-image\" alt=\"Un grand merci !\" style=\"object-fit:cover;\" srcset=\"https:\/\/geneve.wordcamp.org\/2022\/files\/2021\/12\/wcgeneve-photo-by-carlita-benazito-1568x515.jpg 1568w, https:\/\/geneve.wordcamp.org\/2022\/files\/2021\/12\/wcgeneve-photo-by-carlita-benazito-300x98.jpg 300w, https:\/\/geneve.wordcamp.org\/2022\/files\/2021\/12\/wcgeneve-photo-by-carlita-benazito-1024x336.jpg 1024w, https:\/\/geneve.wordcamp.org\/2022\/files\/2021\/12\/wcgeneve-photo-by-carlita-benazito-768x252.jpg 768w, https:\/\/geneve.wordcamp.org\/2022\/files\/2021\/12\/wcgeneve-photo-by-carlita-benazito-500x164.jpg 500w, https:\/\/geneve.wordcamp.org\/2022\/files\/2021\/12\/wcgeneve-photo-by-carlita-benazito-1536x504.jpg 1536w, https:\/\/geneve.wordcamp.org\/2022\/files\/2021\/12\/wcgeneve-photo-by-carlita-benazito.jpg 1920w\" sizes=\"auto, (max-width: 1568px) 100vw, 1568px\" \/><\/a><\/figure>\n\n<h2 class=\"alignwide wp-block-post-title has-var-wp-custom-typography-font-size-huge-clamp-2-25-rem-4-vw-2-75-rem-font-size\"><a href=\"https:\/\/geneve.wordcamp.org\/2022\/un-grand-merci\/\" target=\"_self\" >Un grand merci !<\/a><\/h2>\n\n<div style=\"font-style:italic;font-weight:400;\" class=\"wp-block-post-date has-small-font-size\"><a href=\"https:\/\/geneve.wordcamp.org\/2022\/un-grand-merci\/\"><time datetime=\"2022-04-11T10:21:12+02:00\">11 avril 2022<\/time><\/a><\/div>\n\n<div class=\"wp-block-post-excerpt\"><p class=\"wp-block-post-excerpt__excerpt\">[\u2192&nbsp;English version] Le WordCamp Gen\u00e8ve 2022, c\u2019est (h\u00e9las) d\u00e9j\u00e0 du pass\u00e9. Il nous reste \u00e0 dire une fois encore un grand MERCI \u00e0 toutes celles et tous ceux qui ont contribu\u00e9 \u00e0 la r\u00e9ussite de cet \u00e9v\u00e9nement : Merci aux oratrices et oratrices pour leurs expos\u00e9s et leurs ateliers qui ont int\u00e9ress\u00e9 un grand nombre\u2026<\/p><p class=\"wp-block-post-excerpt__more-text\"><a class=\"wp-block-post-excerpt__more-link\" href=\"https:\/\/geneve.wordcamp.org\/2022\/un-grand-merci\/\">Lire plus<\/a><\/p><\/div>\n\n\n<div style=\"height:30px\" aria-hidden=\"true\" class=\"wp-block-spacer\"><\/div>\n\n\n\n<hr class=\"wp-block-separator alignwide is-style-wide\" \/>\n\n\n\n<div style=\"height:30px\" aria-hidden=\"true\" class=\"wp-block-spacer\"><\/div>\n<\/div>\n\n<\/li><li class=\"wp-block-post post-6651 post type-post status-publish format-standard hentry category-francais\">\n\n<div class=\"wp-block-group is-layout-flow wp-block-group-is-layout-flow\">\n\n<h2 class=\"alignwide wp-block-post-title has-var-wp-custom-typography-font-size-huge-clamp-2-25-rem-4-vw-2-75-rem-font-size\"><a href=\"https:\/\/geneve.wordcamp.org\/2022\/livestream\/\" target=\"_self\" >Livestream<\/a><\/h2>\n\n<div style=\"font-style:italic;font-weight:400;\" class=\"wp-block-post-date has-small-font-size\"><a href=\"https:\/\/geneve.wordcamp.org\/2022\/livestream\/\"><time datetime=\"2022-04-09T00:56:04+02:00\">9 avril 2022<\/time><\/a><\/div>\n\n<div class=\"wp-block-post-excerpt\"><p class=\"wp-block-post-excerpt__excerpt\">Pour toutes les personnes qui n&rsquo;ont pas pu faire le d\u00e9placment, nous avons le plaisir de vous annoncer que les conf\u00e9rences de la salle 1 (pas les ateliers) seront film\u00e9es et diffus\u00e9es en direct<\/p><p class=\"wp-block-post-excerpt__more-text\"><a class=\"wp-block-post-excerpt__more-link\" href=\"https:\/\/geneve.wordcamp.org\/2022\/livestream\/\">Lire plus<\/a><\/p><\/div>\n\n\n<div style=\"height:30px\" aria-hidden=\"true\" class=\"wp-block-spacer\"><\/div>\n\n\n\n<hr class=\"wp-block-separator alignwide is-style-wide\" \/>\n\n\n\n<div style=\"height:30px\" aria-hidden=\"true\" class=\"wp-block-spacer\"><\/div>\n<\/div>\n\n<\/li><li class=\"wp-block-post post-6501 post type-post status-publish format-standard hentry category-english category-francais\">\n\n<div class=\"wp-block-group is-layout-flow wp-block-group-is-layout-flow\">\n\n<h2 class=\"alignwide wp-block-post-title has-var-wp-custom-typography-font-size-huge-clamp-2-25-rem-4-vw-2-75-rem-font-size\"><a href=\"https:\/\/geneve.wordcamp.org\/2022\/alphosting-silver-sponsor\/\" target=\"_self\" >AlpHosting: Merci \u00e0 notre sponsor Argent \/ Many thanks to our Silver Sponsor<\/a><\/h2>\n\n<div style=\"font-style:italic;font-weight:400;\" class=\"wp-block-post-date has-small-font-size\"><a href=\"https:\/\/geneve.wordcamp.org\/2022\/alphosting-silver-sponsor\/\"><time datetime=\"2022-03-25T09:00:00+01:00\">25 mars 2022<\/time><\/a><\/div>\n\n<div class=\"wp-block-post-excerpt\"><p class=\"wp-block-post-excerpt__excerpt\">Nous remercions chaleureusement AlpHosting pour le soutien continu en faveur de la communaut\u00e9 WordPress et de notre \u00e9v\u00e9nement. Nous n\u2019aurions pu organiser le WordCamp Gen\u00e8ve 2022 \u00e0 des conditions aussi favorables pour les participants sans ce g\u00e9n\u00e9reux soutien. We warmly thank AlpHosting for the ongoing support to the WordPress community and our event. We couldn\u2019t\u2026<\/p><p class=\"wp-block-post-excerpt__more-text\"><a class=\"wp-block-post-excerpt__more-link\" href=\"https:\/\/geneve.wordcamp.org\/2022\/alphosting-silver-sponsor\/\">Lire plus<\/a><\/p><\/div>\n\n\n<div style=\"height:30px\" aria-hidden=\"true\" class=\"wp-block-spacer\"><\/div>\n\n\n\n<hr class=\"wp-block-separator alignwide is-style-wide\" \/>\n\n\n\n<div style=\"height:30px\" aria-hidden=\"true\" class=\"wp-block-spacer\"><\/div>\n<\/div>\n\n<\/li><li class=\"wp-block-post post-6494 post type-post status-publish format-standard hentry category-english category-francais\">\n\n<div class=\"wp-block-group is-layout-flow wp-block-group-is-layout-flow\">\n\n<h2 class=\"alignwide wp-block-post-title has-var-wp-custom-typography-font-size-huge-clamp-2-25-rem-4-vw-2-75-rem-font-size\"><a href=\"https:\/\/geneve.wordcamp.org\/2022\/infomaniak-silver-sponsor\/\" target=\"_self\" >Infomaniak: Many thanks to our Silver Sponsor \/ Merci \u00e0 notre sponsor Argent<\/a><\/h2>\n\n<div style=\"font-style:italic;font-weight:400;\" class=\"wp-block-post-date has-small-font-size\"><a href=\"https:\/\/geneve.wordcamp.org\/2022\/infomaniak-silver-sponsor\/\"><time datetime=\"2022-03-24T14:41:06+01:00\">24 mars 2022<\/time><\/a><\/div>\n\n<div class=\"wp-block-post-excerpt\"><p class=\"wp-block-post-excerpt__excerpt\">We warmly thank Infomaniak for the ongoing support to the WordPress community and our event. We couldn\u2019t have made WordCamp Gen\u00e8ve 2022 possible at such a low price for attendees without this generosity. Infomaniak had also written in 2020 an\u00a0article\u00a0about the WordPress community. We are most thankful for that. Nous remercions chaleureusement Infomaniak et leur\u2026<\/p><p class=\"wp-block-post-excerpt__more-text\"><a class=\"wp-block-post-excerpt__more-link\" href=\"https:\/\/geneve.wordcamp.org\/2022\/infomaniak-silver-sponsor\/\">Lire plus<\/a><\/p><\/div>\n\n\n<div style=\"height:30px\" aria-hidden=\"true\" class=\"wp-block-spacer\"><\/div>\n\n\n\n<hr class=\"wp-block-separator alignwide is-style-wide\" \/>\n\n\n\n<div style=\"height:30px\" aria-hidden=\"true\" class=\"wp-block-spacer\"><\/div>\n<\/div>\n\n<\/li><li class=\"wp-block-post post-6435 post type-post status-publish format-standard hentry category-english category-francais\">\n\n<div class=\"wp-block-group is-layout-flow wp-block-group-is-layout-flow\">\n\n<h2 class=\"alignwide wp-block-post-title has-var-wp-custom-typography-font-size-huge-clamp-2-25-rem-4-vw-2-75-rem-font-size\"><a href=\"https:\/\/geneve.wordcamp.org\/2022\/webkinder-gold-sponsor\/\" target=\"_self\" >Webkinder: Many thanks to our Gold Sponsor \/ Merci \u00e0 notre sponsor Gold<\/a><\/h2>\n\n<div style=\"font-style:italic;font-weight:400;\" class=\"wp-block-post-date has-small-font-size\"><a href=\"https:\/\/geneve.wordcamp.org\/2022\/webkinder-gold-sponsor\/\"><time datetime=\"2022-03-23T13:00:00+01:00\">23 mars 2022<\/time><\/a><\/div>\n\n<div class=\"wp-block-post-excerpt\"><p class=\"wp-block-post-excerpt__excerpt\">We warmly thank Webkinder for the ongoing support to the WordPress community and our event. We couldn\u2019t have made WordCamp Gen\u00e8ve 2022 possible at such a low price for attendees without this generosity. Please visit them at the sponsor table! Nous remercions chaleureusement Webkinder pour le soutien continu en faveur de la communaut\u00e9 WordPress et\u2026<\/p><p class=\"wp-block-post-excerpt__more-text\"><a class=\"wp-block-post-excerpt__more-link\" href=\"https:\/\/geneve.wordcamp.org\/2022\/webkinder-gold-sponsor\/\">Lire plus<\/a><\/p><\/div>\n\n\n<div style=\"height:30px\" aria-hidden=\"true\" class=\"wp-block-spacer\"><\/div>\n\n\n\n<hr class=\"wp-block-separator alignwide is-style-wide\" \/>\n\n\n\n<div style=\"height:30px\" aria-hidden=\"true\" class=\"wp-block-spacer\"><\/div>\n<\/div>\n\n<\/li><li class=\"wp-block-post post-6433 post type-post status-publish format-standard hentry category-english category-francais\">\n\n<div class=\"wp-block-group is-layout-flow wp-block-group-is-layout-flow\">\n\n<h2 class=\"alignwide wp-block-post-title has-var-wp-custom-typography-font-size-huge-clamp-2-25-rem-4-vw-2-75-rem-font-size\"><a href=\"https:\/\/geneve.wordcamp.org\/2022\/godaddy-pro-gold-sponsor\/\" target=\"_self\" >GoDaddy Pro: Many thanks to our Gold Sponsor \/ Merci \u00e0 notre sponsor Gold<\/a><\/h2>\n\n<div style=\"font-style:italic;font-weight:400;\" class=\"wp-block-post-date has-small-font-size\"><a href=\"https:\/\/geneve.wordcamp.org\/2022\/godaddy-pro-gold-sponsor\/\"><time datetime=\"2022-03-23T11:00:00+01:00\">23 mars 2022<\/time><\/a><\/div>\n\n<div class=\"wp-block-post-excerpt\"><p class=\"wp-block-post-excerpt__excerpt\">We warmly thank GoDaddy Pro for the ongoing support to the WordPress community and our event. We couldn\u2019t have made WordCamp Gen\u00e8ve 2022 possible at such a low price for attendees without this generosity. Nous remercions chaleureusement GoDaddy Pro pour le soutien continu en faveur de la communaut\u00e9 WordPress et de notre \u00e9v\u00e9nement. Nous n\u2019aurions\u2026<\/p><p class=\"wp-block-post-excerpt__more-text\"><a class=\"wp-block-post-excerpt__more-link\" href=\"https:\/\/geneve.wordcamp.org\/2022\/godaddy-pro-gold-sponsor\/\">Lire plus<\/a><\/p><\/div>\n\n\n<div style=\"height:30px\" aria-hidden=\"true\" class=\"wp-block-spacer\"><\/div>\n\n\n\n<hr class=\"wp-block-separator alignwide is-style-wide\" \/>\n\n\n\n<div style=\"height:30px\" aria-hidden=\"true\" class=\"wp-block-spacer\"><\/div>\n<\/div>\n\n<\/li><li class=\"wp-block-post post-6434 post type-post status-publish format-standard hentry category-english category-francais\">\n\n<div class=\"wp-block-group is-layout-flow wp-block-group-is-layout-flow\">\n\n<h2 class=\"alignwide wp-block-post-title has-var-wp-custom-typography-font-size-huge-clamp-2-25-rem-4-vw-2-75-rem-font-size\"><a href=\"https:\/\/geneve.wordcamp.org\/2022\/bluehost-gold-sponsor\/\" target=\"_self\" >Bluehost: Many thanks to our Gold Sponsor \/ Merci \u00e0 notre sponsor Gold<\/a><\/h2>\n\n<div style=\"font-style:italic;font-weight:400;\" class=\"wp-block-post-date has-small-font-size\"><a href=\"https:\/\/geneve.wordcamp.org\/2022\/bluehost-gold-sponsor\/\"><time datetime=\"2022-03-23T09:00:00+01:00\">23 mars 2022<\/time><\/a><\/div>\n\n<div class=\"wp-block-post-excerpt\"><p class=\"wp-block-post-excerpt__excerpt\">We warmly thank Bluehost for the ongoing support to the WordPress community and our event. We couldn\u2019t have made WordCamp Gen\u00e8ve 2022 possible at such a low price for attendees without this generosity. Nous remercions chaleureusement Bluehost pour le soutien continu en faveur de la communaut\u00e9 WordPress et de notre \u00e9v\u00e9nement. Nous n\u2019aurions pu organiser\u2026<\/p><p class=\"wp-block-post-excerpt__more-text\"><a class=\"wp-block-post-excerpt__more-link\" href=\"https:\/\/geneve.wordcamp.org\/2022\/bluehost-gold-sponsor\/\">Lire plus<\/a><\/p><\/div>\n\n\n<div style=\"height:30px\" aria-hidden=\"true\" class=\"wp-block-spacer\"><\/div>\n\n\n\n<hr class=\"wp-block-separator alignwide is-style-wide\" \/>\n\n\n\n<div style=\"height:30px\" aria-hidden=\"true\" class=\"wp-block-spacer\"><\/div>\n<\/div>\n\n<\/li><li class=\"wp-block-post post-6432 post type-post status-publish format-standard hentry category-english category-francais\">\n\n<div class=\"wp-block-group is-layout-flow wp-block-group-is-layout-flow\">\n\n<h2 class=\"alignwide wp-block-post-title has-var-wp-custom-typography-font-size-huge-clamp-2-25-rem-4-vw-2-75-rem-font-size\"><a href=\"https:\/\/geneve.wordcamp.org\/2022\/nexcess-gold-sponsor\/\" target=\"_self\" >Nexcess: Many thanks to our Gold Sponsor \/ Merci \u00e0 notre sponsor Gold<\/a><\/h2>\n\n<div style=\"font-style:italic;font-weight:400;\" class=\"wp-block-post-date has-small-font-size\"><a href=\"https:\/\/geneve.wordcamp.org\/2022\/nexcess-gold-sponsor\/\"><time datetime=\"2022-03-22T13:00:00+01:00\">22 mars 2022<\/time><\/a><\/div>\n\n<div class=\"wp-block-post-excerpt\"><p class=\"wp-block-post-excerpt__excerpt\">We warmly thank Nexcess for the ongoing support to the WordPress community and our event. We couldn\u2019t have made WordCamp Gen\u00e8ve 2022 possible at such a low price for attendees without this generosity. Nous remercions chaleureusement Nexcess pour le soutien continu en faveur de la communaut\u00e9 WordPress et de notre \u00e9v\u00e9nement. Nous n\u2019aurions pu organiser\u2026<\/p><p class=\"wp-block-post-excerpt__more-text\"><a class=\"wp-block-post-excerpt__more-link\" href=\"https:\/\/geneve.wordcamp.org\/2022\/nexcess-gold-sponsor\/\">Lire plus<\/a><\/p><\/div>\n\n\n<div style=\"height:30px\" aria-hidden=\"true\" class=\"wp-block-spacer\"><\/div>\n\n\n\n<hr class=\"wp-block-separator alignwide is-style-wide\" \/>\n\n\n\n<div style=\"height:30px\" aria-hidden=\"true\" class=\"wp-block-spacer\"><\/div>\n<\/div>\n\n<\/li><li class=\"wp-block-post post-6430 post type-post status-publish format-standard hentry category-english category-francais\">\n\n<div class=\"wp-block-group is-layout-flow wp-block-group-is-layout-flow\">\n\n<h2 class=\"alignwide wp-block-post-title has-var-wp-custom-typography-font-size-huge-clamp-2-25-rem-4-vw-2-75-rem-font-size\"><a href=\"https:\/\/geneve.wordcamp.org\/2022\/weglot-gold-sponsor\/\" target=\"_self\" >Weglot: Many thanks to our Gold Sponsor \/ Merci \u00e0 notre sponsor Gold<\/a><\/h2>\n\n<div style=\"font-style:italic;font-weight:400;\" class=\"wp-block-post-date has-small-font-size\"><a href=\"https:\/\/geneve.wordcamp.org\/2022\/weglot-gold-sponsor\/\"><time datetime=\"2022-03-22T11:00:00+01:00\">22 mars 2022<\/time><\/a><\/div>\n\n<div class=\"wp-block-post-excerpt\"><p class=\"wp-block-post-excerpt__excerpt\">We warmly thank Weglot for the ongoing support to the WordPress community and our event. We couldn\u2019t have made WordCamp Gen\u00e8ve 2022 possible at such a low price for attendees without this generosity. Please visit them at the sponsor table ! Nous remercions chaleureusement Weglot pour le soutien continu en faveur de la communaut\u00e9 WordPress\u2026<\/p><p class=\"wp-block-post-excerpt__more-text\"><a class=\"wp-block-post-excerpt__more-link\" href=\"https:\/\/geneve.wordcamp.org\/2022\/weglot-gold-sponsor\/\">Lire plus<\/a><\/p><\/div>\n\n\n<div style=\"height:30px\" aria-hidden=\"true\" class=\"wp-block-spacer\"><\/div>\n\n\n\n<hr class=\"wp-block-separator alignwide is-style-wide\" \/>\n\n\n\n<div style=\"height:30px\" aria-hidden=\"true\" class=\"wp-block-spacer\"><\/div>\n<\/div>\n\n<\/li><li class=\"wp-block-post post-6431 post type-post status-publish format-standard hentry category-english category-francais\">\n\n<div class=\"wp-block-group is-layout-flow wp-block-group-is-layout-flow\">\n\n<h2 class=\"alignwide wp-block-post-title has-var-wp-custom-typography-font-size-huge-clamp-2-25-rem-4-vw-2-75-rem-font-size\"><a href=\"https:\/\/geneve.wordcamp.org\/2022\/wordpress-com-gold-sponsor\/\" target=\"_self\" >WordPress.com: Many thanks to our Gold Sponsor \/ Merci \u00e0 notre sponsor Gold<\/a><\/h2>\n\n<div style=\"font-style:italic;font-weight:400;\" class=\"wp-block-post-date has-small-font-size\"><a href=\"https:\/\/geneve.wordcamp.org\/2022\/wordpress-com-gold-sponsor\/\"><time datetime=\"2022-03-22T09:00:00+01:00\">22 mars 2022<\/time><\/a><\/div>\n\n<div class=\"wp-block-post-excerpt\"><p class=\"wp-block-post-excerpt__excerpt\">We warmly thank WordPress.com for the ongoing support to the WordPress community and our event. We couldn\u2019t have made WordCamp Gen\u00e8ve 2022 possible at such a low price for attendees without this generosity. Nous remercions chaleureusement WordPress.com pour le soutien continu en faveur de la communaut\u00e9 WordPress et de notre \u00e9v\u00e9nement. Nous n\u2019aurions pu organiser\u2026<\/p><p class=\"wp-block-post-excerpt__more-text\"><a class=\"wp-block-post-excerpt__more-link\" href=\"https:\/\/geneve.wordcamp.org\/2022\/wordpress-com-gold-sponsor\/\">Lire plus<\/a><\/p><\/div>\n\n\n<div style=\"height:30px\" aria-hidden=\"true\" class=\"wp-block-spacer\"><\/div>\n\n\n\n<hr class=\"wp-block-separator alignwide is-style-wide\" \/>\n\n\n\n<div style=\"height:30px\" aria-hidden=\"true\" class=\"wp-block-spacer\"><\/div>\n<\/div>\n\n<\/li><\/ul>\n\n<nav class=\"alignwide wp-block-query-pagination is-content-justification-space-between is-layout-flex wp-container-core-query-pagination-is-layout-e2853e1a wp-block-query-pagination-is-layout-flex\" aria-label=\"Pagination\">\n\n\n<div class=\"wp-block-query-pagination-numbers\"><span aria-current=\"page\" class=\"page-numbers current\">1<\/span>\n<a class=\"page-numbers\" href=\"?query-93-page=2\">2<\/a><\/div>\n\n<a href=\"\/2022\/wp-json\/wp\/v2\/pages\/123?query-93-page=2\" class=\"wp-block-query-pagination-next has-small-font-size\">Page suivante<span class='wp-block-query-pagination-next-arrow is-arrow-arrow' aria-hidden='true'>\u2192<\/span><\/a>\n<\/nav><\/div>\n","protected":false},"excerpt":{"rendered":"<p>[\u2192&nbsp;English version] Abonnez-vous pour recevoir nos nouvelles<\/p>\n","protected":false},"author":7586875,"featured_media":2896,"parent":0,"menu_order":0,"comment_status":"closed","ping_status":"closed","template":"","meta":{"_crdt_document":"","jetpack_post_was_ever_published":false,"footnotes":""},"class_list":["post-123","page","type-page","status-publish","has-post-thumbnail","hentry"],"jetpack_sharing_enabled":true,"_links":{"self":[{"href":"https:\/\/geneve.wordcamp.org\/2022\/wp-json\/wp\/v2\/pages\/123","targetHints":{"allow":["GET"]}}],"collection":[{"href":"https:\/\/geneve.wordcamp.org\/2022\/wp-json\/wp\/v2\/pages"}],"about":[{"href":"https:\/\/geneve.wordcamp.org\/2022\/wp-json\/wp\/v2\/types\/page"}],"author":[{"embeddable":true,"href":"https:\/\/geneve.wordcamp.org\/2022\/wp-json\/wp\/v2\/users\/7586875"}],"replies":[{"embeddable":true,"href":"https:\/\/geneve.wordcamp.org\/2022\/wp-json\/wp\/v2\/comments?post=123"}],"version-history":[{"count":18,"href":"https:\/\/geneve.wordcamp.org\/2022\/wp-json\/wp\/v2\/pages\/123\/revisions"}],"predecessor-version":[{"id":6129,"href":"https:\/\/geneve.wordcamp.org\/2022\/wp-json\/wp\/v2\/pages\/123\/revisions\/6129"}],"wp:featuredmedia":[{"embeddable":true,"href":"https:\/\/geneve.wordcamp.org\/2022\/wp-json\/wp\/v2\/media\/2896"}],"wp:attachment":[{"href":"https:\/\/geneve.wordcamp.org\/2022\/wp-json\/wp\/v2\/media?parent=123"}],"curies":[{"name":"wp","href":"https:\/\/api.w.org\/{rel}","templated":true}]}}