{"id":12,"date":"2022-01-26T15:32:09","date_gmt":"2022-01-26T14:32:09","guid":{"rendered":"https:\/\/geneve.wordcamp.org\/2022\/organizers\/"},"modified":"2022-03-15T15:37:17","modified_gmt":"2022-03-15T14:37:17","slug":"organisers","status":"publish","type":"page","link":"https:\/\/geneve.wordcamp.org\/2022\/organisers\/","title":{"rendered":"Organisers"},"content":{"rendered":"\n<p>[<em><a href=\"https:\/\/geneve.wordcamp.org\/2022\/equipe-dorganisation\/\">\u2192\u00a0Version fran\u00e7aise<\/a><\/em>]<\/p>\n\n\n\n<p>We have reduced our organising team and shared the work among the rest of us, as much of the work had already been done in 2020 before our WordCamp was cancelled due to the pandemic. We would like to thank <a href=\"https:\/\/geneve.wordcamp.org\/2020\/organisateur-trice-s\/\">all the people who worked in 2020<\/a>.<\/p>\n\n\n\n<p>This year, the different tasks are divided as :<\/p>\n\n\n\n<ul class=\"wp-block-list\"><li>Lead and co-lead: Patricia BT, Maxime Culea<\/li><li>Speakers: Everyone!<\/li><li>Sponsors: Patricia BT<\/li><li>Communication: Andr\u00e1s Guseo, Michelle Bulloch, Maxime Culea<\/li><li>Attendees: Leila Chaouche, Michelle Bulloch, Patricia BT<\/li><li>Volunteers: Leila Chaouche<\/li><li>Venue and catering: Maxime Culea, Benjamin Genevay, Andr\u00e1s Guseo, Patricia BT<\/li><li>Audio\/Video, Tech: Benjamin Genevay, Maxime Culea<\/li><li>Design, site, swag, print: Andr\u00e1s Guseo, Maxime Culea<\/li><\/ul>\n\n\n\n<p>You can contact us via <a href=\"https:\/\/geneve.wordcamp.org\/2022\/contact-en\/\" data-type=\"page\" data-id=\"17\">our form.<\/a><\/p>\n\n\n\n<div style=\"height:30px\" aria-hidden=\"true\" class=\"wp-block-spacer\"><\/div>\n\n\n\n<hr class=\"wp-block-separator\" \/>\n\n\n\n<div style=\"height:30px\" aria-hidden=\"true\" class=\"wp-block-spacer\"><\/div>\n\n\n<ul class=\"wordcamp-block wordcamp-post-list has-layout-list wordcamp-organizers alignwide\"><li class=\"wordcamp-post-list__post wordcamp-clearfix\">\n<div class=\"wordcamp-organizer wordcamp-organizers__post slug-patricia-bt\">\n\t<h3 class=\"wordcamp-block__item-title wordcamp-organizers__title\" style=\"text-align:center\">Patricia BT<\/h3>\n\t\n\t\t\t<div class=\"wordcamp-block__item-content wordcamp-organizers__content is-full\"><div class=\"wp-block-media-text alignwide is-stacked-on-mobile is-vertically-aligned-top\" style=\"grid-template-columns:28% auto\">\n<figure class=\"wp-block-media-text__media\"><img loading=\"lazy\" decoding=\"async\" width=\"400\" height=\"400\" src=\"https:\/\/geneve.wordcamp.org\/2022\/files\/2022\/02\/patricia_bt.jpg\" alt=\"\" class=\"wp-image-5364 size-full\" srcset=\"https:\/\/geneve.wordcamp.org\/2022\/files\/2022\/02\/patricia_bt.jpg 400w, https:\/\/geneve.wordcamp.org\/2022\/files\/2022\/02\/patricia_bt-300x300.jpg 300w, https:\/\/geneve.wordcamp.org\/2022\/files\/2022\/02\/patricia_bt-150x150.jpg 150w\" sizes=\"auto, (max-width: 400px) 100vw, 400px\" \/><\/figure>\n<div class=\"wp-block-media-text__content\">\n<p>Patricia aime s\u2019impliquer dans la communaut\u00e9 WordPress, car c\u2019est un agr\u00e9able moyen pour elle de rendre \u00e0 WordPress ce que WordPress lui permet d\u2019accomplir avec <a href=\"https:\/\/virtuaza.com\/fr\">Virtuaza<\/a> et <a href=\"https:\/\/patriciabt.com\">PatriciaBT.com<\/a> et, dans le futur, avec <a href=\"https:\/\/gatheringwp.com\">GatheringWP<\/a> et <a href=\"https:\/\/interaction.site\" rel=\"nofollow\">Interaction.Site<\/a>.<\/p>\n<p>Elle co-organise depuis 2013 les <a href=\"https:\/\/www.meetup.com\/fr-FR\/geneva-wordpress\/\">meetups WordPress \u00e0 Gen\u00e8ve<\/a> et a fait partie des \u00e9quipes d\u2019organisation des WordCamps \u00e0 Gen\u00e8ve en 2016, Berne en 2017, Lausanne en 2018 et Zurich en 2019. Elle a \u00e9galement \u00e9t\u00e9 <a href=\"https:\/\/wordpress.tv\/speakers\/patricia-brun-torre\/\">oratrice<\/a>, b\u00e9n\u00e9vole \u2013 entre autres au WordCamp Europe 2017 et 2019 \u2013 ou sponsor dans d\u2019autres WordCamps.<\/p>\n<p>Elle adore ce qui a trait aux communaut\u00e9s et aux projets centr\u00e9s sur les  relations humaines et elle aime tout ce qui est open-source et permet \u00e0 tous de faire entendre leur voix (\u00ab\u00a0Democratise publishing\u00a0\u00bb). Elle a ces valeurs-l\u00e0 en commun avec  WordPress et sa charte.<\/p>\n<hr class=\"wp-block-separator\" \/>\n<p>Patricia likes to get involved in the WordPress community, as it\u2019s a pleasant way for her to give back to WordPress what WordPress allows her to accomplish with <a href=\"https:\/\/virtuaza.com\/fr\">Virtuaza<\/a> and <a href=\"https:\/\/patriciabt.com\">PatriciaBT.com<\/a> and, in the future, with <a href=\"https:\/\/gatheringwp.com\">GatheringWP<\/a> and <a href=\"https:\/\/interaction.site\" rel=\"nofollow\">Interaction.Site<\/a>.<\/p>\n<p>She co-organises the <a href=\"https:\/\/www.meetup.com\/geneva-wordpress\/\">WordPress meetups<\/a>  in Geneva since 2013, and has been part of the WordCamps organisation teams in Geneva in 2016, Bern in 2017, Lausanne in 2018 and Zurich 2019. She has also been a <a href=\"https:\/\/wordpress.tv\/speakers\/patricia-brun-torre\/\">speaker<\/a>, a volunteer at WordCamp Europe 2017 and 2019 among others, or sponsor in other WordCamps.<\/p>\n<p>She loves community and human relations centred projects, and likes everything open-source, which allows everyone to have their voices heard (\u00ab\u00a0Democratise publishing\u00a0\u00bb). She has these values in common with WordPress&nbsp;and its code of conduct.<\/p>\n<\/div>\n<\/div>\n<\/div>\t<\/div>\n\n<\/li><li class=\"wordcamp-post-list__post wordcamp-clearfix\">\n<div class=\"wordcamp-organizer wordcamp-organizers__post slug-maxime-culea\">\n\t<h3 class=\"wordcamp-block__item-title wordcamp-organizers__title\" style=\"text-align:center\">Maxime Culea<\/h3>\n\t\n\t\t\t<div class=\"wordcamp-block__item-content wordcamp-organizers__content is-full\"><div class=\"wp-block-media-text alignwide is-stacked-on-mobile is-vertically-aligned-top\" style=\"grid-template-columns:28% auto\">\n<figure class=\"wp-block-media-text__media\"><img loading=\"lazy\" decoding=\"async\" width=\"400\" height=\"400\" src=\"https:\/\/geneve.wordcamp.org\/2022\/files\/2022\/02\/maxime_culea.jpg\" alt=\"\" class=\"wp-image-5362 size-full\" srcset=\"https:\/\/geneve.wordcamp.org\/2022\/files\/2022\/02\/maxime_culea.jpg 400w, https:\/\/geneve.wordcamp.org\/2022\/files\/2022\/02\/maxime_culea-300x300.jpg 300w, https:\/\/geneve.wordcamp.org\/2022\/files\/2022\/02\/maxime_culea-150x150.jpg 150w\" sizes=\"auto, (max-width: 400px) 100vw, 400px\" \/><\/figure>\n<div class=\"wp-block-media-text__content\">\n<p>Maxime est un passionn\u00e9 et surtout un chevronn\u00e9 de WordPress !  <br \/>Il co-organise le WordCamp et les meetups Gen\u00e8ve. Fervent contributeur aux d\u00e9veloppements techniques de WP, il est aussi un orateur aux WordCamps. Le tout en \u00e9vang\u00e9lisant quotidiennement sa communaut\u00e9 sur ses r\u00e9seaux sociaux. \u00abC\u2019est un emploi du temps de ministre, mais quand on aime on ne compte pas!\u00bb assure Maxime.<\/p>\n<p>Tout juste arriv\u00e9 sur Gen\u00e8ve, il est \u00e0 la t\u00eate du p\u00f4le WordPress chez <a href=\"https:\/\/www.wideagency.ch\/\">WIDE Switzerland<\/a> o\u00f9 il est responsable tant des aspects techniques qu&rsquo;organisationnels. Ceci dans un seul but :  satisfaire au mieux les grands comptes de l&rsquo;agence.<\/p>\n<p>Mais surtout, Maxime est dr\u00f4le, abordable et altruiste. Il se fera un plaisir de vous aider et\/ou partager son expertise WordPress!<\/p>\n<hr class=\"wp-block-separator\" \/>\n<p>Maxime is passionate about WordPress: he co-organises WordCamp and local meetups in Geneva, is a core contributor and a WordCamp speaker, and evangelises daily on social media. \u00ab\u00a0It&rsquo;s like a full-time job, but when you like something you don&rsquo;t count the time you put in,\u00a0\u00bb says Maxime.<\/p>\n<p>Having recently moved to Geneva, he now leads the WordPress pole at <a href=\"https:\/\/www.wideagency.ch\/\">WIDE Switzerland<\/a>, where he deals with both technical and organisational issues to satisfy the needs of the company&rsquo;s important clients.<\/p>\n<p>Last but not least, Maxime is funny, approachable and altruistic. So don&rsquo;t hesitate to bother him, it will be his pleasure to help and give you back everything he has learned!<\/p>\n<hr class=\"wp-block-separator\" \/>\n<p><em>Retrouvez-le sur les r\u00e9seaux sociaux \/ find him on social media<\/em><\/p>\n<ul class=\"wp-block-list\">\n<li><a href=\"http:\/\/maximeculea.fr\/\">http:\/\/maximeculea.fr\/<\/a><\/li>\n<li><a href=\"https:\/\/twitter.com\/MaximeCulea\">https:\/\/twitter.com\/MaximeCulea<\/a><\/li>\n<li><a href=\"https:\/\/github.com\/MaximeCulea\">https:\/\/github.com\/MaximeCulea<\/a><\/li>\n<li><a href=\"https:\/\/profiles.wordpress.org\/maximeculea\/\">https:\/\/profiles.wordpress.org\/maximeculea<\/a><\/li>\n<\/ul>\n<\/div>\n<\/div>\n<\/div>\t<\/div>\n\n<\/li><li class=\"wordcamp-post-list__post wordcamp-clearfix\">\n<div class=\"wordcamp-organizer wordcamp-organizers__post slug-michelle-bulloch\">\n\t<h3 class=\"wordcamp-block__item-title wordcamp-organizers__title\" style=\"text-align:center\">Michelle Bulloch<\/h3>\n\t\n\t\t\t<div class=\"wordcamp-block__item-content wordcamp-organizers__content is-full\"><div class=\"wp-block-media-text alignwide is-stacked-on-mobile is-vertically-aligned-top\" style=\"grid-template-columns:28% auto\">\n<figure class=\"wp-block-media-text__media\"><img loading=\"lazy\" decoding=\"async\" width=\"400\" height=\"400\" src=\"https:\/\/geneve.wordcamp.org\/2022\/files\/2022\/02\/michelle_bulloch.jpg\" alt=\"\" class=\"wp-image-5363 size-full\" srcset=\"https:\/\/geneve.wordcamp.org\/2022\/files\/2022\/02\/michelle_bulloch.jpg 400w, https:\/\/geneve.wordcamp.org\/2022\/files\/2022\/02\/michelle_bulloch-300x300.jpg 300w, https:\/\/geneve.wordcamp.org\/2022\/files\/2022\/02\/michelle_bulloch-150x150.jpg 150w\" sizes=\"auto, (max-width: 400px) 100vw, 400px\" \/><\/figure>\n<div class=\"wp-block-media-text__content\">\n<p>Apr\u00e8s des \u00e9tudes musicales, Michelle est devenue journaliste dans un quotidien genevois. La combinaison de l\u2019\u00e9crit et de la musique lui a donn\u00e9 l\u2019id\u00e9e de cr\u00e9er <a href=\"https:\/\/musitext.ch\/\">Musitext<\/a>, bureau de r\u00e9daction et de traduction sp\u00e9cialis\u00e9 dans le domaine culturel. Depuis 2013, elle se passionne aussi pour WordPress et les r\u00e9seaux sociaux. Pr\u00e9sente dans les WordCamps suisses d\u00e8s la premi\u00e8re \u00e9dition \u00e0 Zurich (2014), b\u00e9n\u00e9vole \u00e0 Lausanne en 2018 et co-organisatrice au WordCamp Gen\u00e8ve 2020, elle participe aussi r\u00e9guli\u00e8rement aux Meetups WordPress (Gen\u00e8ve et Berne), ce qui a permis \u00e0 cette ind\u00e9pendante de cr\u00e9er un large r\u00e9seau. Les rencontres se passent aussi dans son <a href=\"https:\/\/kultursalon-felsenegg.ch\/\">salon culturel<\/a>, o\u00f9 elle invite r\u00e9guli\u00e8rement des jeunes artistes pour venir donner des concerts publics.<\/p>\n<p>Vous pouvez la retrouver sur Twitter <a href=\"https:\/\/twitter.com\/musitext\">@musitext<\/a>.<\/p>\n<hr class=\"wp-block-separator\" \/>\n<p>After studying music, Michelle became a journalist in a Geneva daily newspaper. The combination of writing and music gave her the idea to launch <a href=\"https:\/\/musitext.ch\/\">Musitext<\/a>, a writing and translation agency specialised in the field of culture. Since 2013, she\u2019s also been passionate about WordPress and social media. She&rsquo;s been a participant in the Swiss WordCamps ever since their launching in 2014 (Zurich), was a volunteer in Lausanne in 2018 and is now co-organiser of the WordCamp Gen\u00e8ve 2020. This has enabled her to build an extensive network as a freelancer. Meetings also take place in her <a href=\"https:\/\/kultursalon-felsenegg.ch\/\">cultural lounge<\/a>, where she regularly invites young artists to come and give public concerts.<\/p>\n<p>You can find her on Twitter <a href=\"https:\/\/twitter.com\/musitext\">@musitext<\/a>.<\/p>\n<\/div>\n<\/div>\n<\/div>\t<\/div>\n\n<\/li><li class=\"wordcamp-post-list__post wordcamp-clearfix\">\n<div class=\"wordcamp-organizer wordcamp-organizers__post slug-andras-guseo\">\n\t<h3 class=\"wordcamp-block__item-title wordcamp-organizers__title\" style=\"text-align:center\">Andr\u00e1s Guseo<\/h3>\n\t\n\t\t\t<div class=\"wordcamp-block__item-content wordcamp-organizers__content is-full\"><div class=\"wp-block-media-text alignwide is-stacked-on-mobile is-vertically-aligned-top\" style=\"grid-template-columns:28% auto\">\n<figure class=\"wp-block-media-text__media\"><img loading=\"lazy\" decoding=\"async\" width=\"400\" height=\"400\" src=\"https:\/\/geneve.wordcamp.org\/2022\/files\/2022\/02\/andras_guseo.jpg\" alt=\"\" class=\"wp-image-5365 size-full\" srcset=\"https:\/\/geneve.wordcamp.org\/2022\/files\/2022\/02\/andras_guseo.jpg 400w, https:\/\/geneve.wordcamp.org\/2022\/files\/2022\/02\/andras_guseo-300x300.jpg 300w, https:\/\/geneve.wordcamp.org\/2022\/files\/2022\/02\/andras_guseo-150x150.jpg 150w\" sizes=\"auto, (max-width: 400px) 100vw, 400px\" \/><\/figure>\n<div class=\"wp-block-media-text__content\">\n<p>Andr\u00e1s a construit son premier site web en 1997 en apprenant le HTML en 3 jours. Dix ans plus tard, alors qu&rsquo;il d\u00e9marrait son entreprise de conception Web, il a d\u00e9couvert WordPress et n&rsquo;a jamais regard\u00e9 en arri\u00e8re. Il s&rsquo;est install\u00e9 en Suisse en 2009 et a commenc\u00e9 \u00e0 se concentrer sur les PME, les aidant \u00e0 \u00e9tablir et \u00e0 renforcer leur pr\u00e9sence en ligne gr\u00e2ce \u00e0 des sites Web cr\u00e9\u00e9s avec WordPress.<\/p>\n<p>Andr\u00e1s g\u00e8re actuellement l&rsquo;\u00e9quipe de soutien du The Events Calendar. L&rsquo;exp\u00e9rience acquise ici a \u00e9t\u00e9 une bonne source d&rsquo;\u00e9changes avec WordCamps, ce qui lui a \u00e9galement permis de s&rsquo;impliquer davantage dans la communaut\u00e9 genevoise et suisse de WordPress.<\/p>\n<p>Il publie \u00e0 l&rsquo;occasion sur son blogue \u00e0 <a href=\"https:\/\/andrasguseo.com\" target=\"_blank\" rel=\"noreferrer noopener\" aria-label=\"https:\/\/andrasguseo.com (opens in a new tab)\">https:\/\/andrasguseo.com<\/a> et sur Twitter <a href=\"https:\/\/twitter.com\/andrasguseo\/\" target=\"_blank\" rel=\"noreferrer noopener\" aria-label=\"@AndrasGuseo (opens in a new tab)\">@AndrasGuseo<\/a>.<\/p>\n<hr class=\"wp-block-separator\" \/>\n<p>Andr\u00e1s built his first website in 1997, learning HTML in 3 days. Ten years later, while starting up his web design business, he discovered WordPress and never looked back. He moved to Switzerland in 2009 and started focusing on SMEs, helping them establish and strengthen their online presence through WordPress driven websites.<\/p>\n<p>Andr\u00e1s currently managing the support team of The Events Calendar. The experiences gained here were a good source for talks at WordCamps, which in turn also enabled him to get more engaged with the Geneva and Swiss WordPress community.<\/p>\n<p>He occasionally posts on his blog at <a rel=\"noreferrer noopener\" aria-label=\" (opens in a new tab)\" href=\"https:\/\/andrasguseo.com\" target=\"_blank\">https:\/\/andrasguseo.com<\/a> and on Twitter <a rel=\"noreferrer noopener\" aria-label=\" (opens in a new tab)\" href=\"https:\/\/twitter.com\/andrasguseo\" target=\"_blank\">@AndrasGuseo<\/a>.<\/p>\n<\/div>\n<\/div>\n<\/div>\t<\/div>\n\n<\/li><li class=\"wordcamp-post-list__post wordcamp-clearfix\">\n<div class=\"wordcamp-organizer wordcamp-organizers__post slug-benjamin-genevay\">\n\t<h3 class=\"wordcamp-block__item-title wordcamp-organizers__title\" style=\"text-align:center\">Benjamin Genevay<\/h3>\n\t\n\t\t\t<div class=\"wordcamp-block__item-content wordcamp-organizers__content is-full\"><div class=\"wp-block-media-text alignwide is-stacked-on-mobile is-vertically-aligned-top\" style=\"grid-template-columns:28% auto\">\n<figure class=\"wp-block-media-text__media\"><img loading=\"lazy\" decoding=\"async\" width=\"400\" height=\"400\" src=\"https:\/\/geneve.wordcamp.org\/2022\/files\/2022\/02\/Benjamin_Genevay.jpg\" alt=\"\" class=\"wp-image-5434 size-full\" srcset=\"https:\/\/geneve.wordcamp.org\/2022\/files\/2022\/02\/Benjamin_Genevay.jpg 400w, https:\/\/geneve.wordcamp.org\/2022\/files\/2022\/02\/Benjamin_Genevay-300x300.jpg 300w, https:\/\/geneve.wordcamp.org\/2022\/files\/2022\/02\/Benjamin_Genevay-150x150.jpg 150w\" sizes=\"auto, (max-width: 400px) 100vw, 400px\" \/><\/figure>\n<div class=\"wp-block-media-text__content\">\n<p>Benjamin d\u00e9couvre la programmation sur PC en 1986, se lance dans l\u2019\u00e9lectronique en 1991, con\u00e7oit et d\u00e9veloppe le hard &amp; soft de syst\u00e8mes embarqu\u00e9s orient\u00e9s audio\/vid\u00e9o de 1994 \u00e0 2010, tout en menant en parall\u00e8le des t\u00e2ches d\u2019administrateur syst\u00e8me et serveur web pour une startup de l\u2019EPFL. En 1998, il monte une structure qui sera inscrite au registre du commerce en 2009. Celle-ci se pr\u00e9sente actuellement comme une agence web et multim\u00e9dia dont la sp\u00e9cialit\u00e9 est la num\u00e9risation de tous types de supports audio\/vid\u00e9o\/films\/photos. Il collabore avec des universit\u00e9s, des h\u00f4pitaux et des archives de villes et de mus\u00e9es, ainsi qu\u2019avec des leaders de la num\u00e9risation de documents.<\/p>\n<hr class=\"wp-block-separator\" \/>\n<p>Benjamin discovered computer programming in 1986, started out in electronics in 1991, designed and developed the hard &amp; soft of embedded audio \/ video oriented systems from 1994 to 2010, while being a system and web server administrator for a startup at the EPFL. In 1998, he set up a structure that became a registered business in 2009. He now runs a web and multimedia agency whose specialty is the digitisation of all types of audio \/ video \/ film \/ photos. He collaborates with universities, hospitals, city archives and museums, as well as with leaders in the field of documents digitasation.<\/p>\n<\/div>\n<\/div>\n<\/div>\t<\/div>\n\n<\/li><li class=\"wordcamp-post-list__post wordcamp-clearfix\">\n<div class=\"wordcamp-organizer wordcamp-organizers__post slug-leila-chaouche\">\n\t<h3 class=\"wordcamp-block__item-title wordcamp-organizers__title\" style=\"text-align:center\">Leila Chaouche<\/h3>\n\t\n\t\t\t<div class=\"wordcamp-block__item-content wordcamp-organizers__content is-full\"><div class=\"wp-block-media-text alignwide is-stacked-on-mobile is-vertically-aligned-top\" style=\"grid-template-columns:28% auto\">\n<figure class=\"wp-block-media-text__media\"><img loading=\"lazy\" decoding=\"async\" width=\"400\" height=\"400\" src=\"https:\/\/geneve.wordcamp.org\/2022\/files\/2022\/02\/leila_chaouche.jpg\" alt=\"\" class=\"wp-image-5361 size-full\" srcset=\"https:\/\/geneve.wordcamp.org\/2022\/files\/2022\/02\/leila_chaouche.jpg 400w, https:\/\/geneve.wordcamp.org\/2022\/files\/2022\/02\/leila_chaouche-300x300.jpg 300w, https:\/\/geneve.wordcamp.org\/2022\/files\/2022\/02\/leila_chaouche-150x150.jpg 150w\" sizes=\"auto, (max-width: 400px) 100vw, 400px\" \/><\/figure>\n<div class=\"wp-block-media-text__content\">\n<p>Freelance, Leila se passionne pour la cr\u00e9ation de sites WordPress personnalis\u00e9s, et propose ses services \u00e0 de petites et moyennes entreprises,\u00a0ainsi qu\u2019\u00e0 des structures \u00e0 but non lucratif.\u00a0\u00a0<\/p>\n<hr class=\"wp-block-separator\" \/>\n<p>WordPress Freelancer, Leila is passionate about\u00a0custom websites creation. She offers her services to small and mid size companies, as well as non profit organizations.<\/p>\n<\/div>\n<\/div>\n<\/div>\t<\/div>\n\n<\/li><\/ul>\n\n\n<div style=\"height:50px\" aria-hidden=\"true\" class=\"wp-block-spacer\"><\/div>\n\n\n\n<div class=\"wp-block-group is-layout-flow wp-block-group-is-layout-flow\">\n<div class=\"wp-block-group is-content-justification-center is-layout-flex wp-container-core-group-is-layout-81a7f686 wp-block-group-is-layout-flex\">\n<p>Furthermore, we will be helped on the D-Day by volunteers. We warmly thank them.<\/p>\n\n\n\t\t<div id=\"tix-attendees\">\n\t\t\t<ul class=\"tix-attendee-list tix-columns-2\">\n\t\t\t\t<li><img alt='' src='https:\/\/secure.gravatar.com\/avatar\/90142d4ca0798e2a5b71997ed82c1ee08a743835b59d0ee686b91b12a0762db3?s=96&#038;d=mm&#038;r=g' srcset='https:\/\/secure.gravatar.com\/avatar\/90142d4ca0798e2a5b71997ed82c1ee08a743835b59d0ee686b91b12a0762db3?s=192&#038;d=mm&#038;r=g 2x' class='avatar avatar-96 photo' height='96' width='96' \/>\n\t\t\t\t\t\t<div class=\"tix-field tix-attendee-name\">\n\t\t\t\t\t\t\t<span class=\"tix-first\">Beno\u00eet<\/span> <span class=\"tix-last\">Chantre<\/span>\t\t\t\t\t\t<\/div>\n\n\t\t\t\t\t\t\n\t\t\t\t\t\t<a class=\"tix-field tix-attendee-twitter\" href=\"http:\/\/twitter.com\/Benoit_Chantre\">@Benoit_Chantre<\/a><\/li><li><img alt='' src='https:\/\/secure.gravatar.com\/avatar\/d8c042e2585a23f2f415ebe353af7e44f52f1e708b29bf0d47d2ea92822ad117?s=96&#038;d=mm&#038;r=g' srcset='https:\/\/secure.gravatar.com\/avatar\/d8c042e2585a23f2f415ebe353af7e44f52f1e708b29bf0d47d2ea92822ad117?s=192&#038;d=mm&#038;r=g 2x' class='avatar avatar-96 photo' height='96' width='96' \/>\n\t\t\t\t\t\t<div class=\"tix-field tix-attendee-name\">\n\t\t\t\t\t\t\t<span class=\"tix-first\">Christoph<\/span> <span class=\"tix-last\">von Siebenthal<\/span>\t\t\t\t\t\t<\/div>\n\n\t\t\t\t\t\t\n\t\t\t\t\t\t<a class=\"tix-field tix-attendee-twitter\" href=\"http:\/\/twitter.com\/chvon7thal\">@chvon7thal<\/a><\/li><li><img alt='' src='https:\/\/secure.gravatar.com\/avatar\/9e1518fe119abe98449f1e47d11212bd88588076fc8b0511641feaacf045c003?s=96&#038;d=mm&#038;r=g' srcset='https:\/\/secure.gravatar.com\/avatar\/9e1518fe119abe98449f1e47d11212bd88588076fc8b0511641feaacf045c003?s=192&#038;d=mm&#038;r=g 2x' class='avatar avatar-96 photo' height='96' width='96' \/>\n\t\t\t\t\t\t<div class=\"tix-field tix-attendee-name\">\n\t\t\t\t\t\t\t<span class=\"tix-first\">Elias<\/span> <span class=\"tix-last\">Torre<\/span>\t\t\t\t\t\t<\/div>\n\n\t\t\t\t\t\t\n\t\t\t\t\t\t<a class=\"tix-field tix-attendee-twitter\" href=\"http:\/\/twitter.com\/EliT0708\">@EliT0708<\/a><a class=\"tix-field tix-attendee-url tix-site-web-website-3\" href=\"https:\/\/eliastorre.com\">eliastorre.com<\/a><\/li><li><img alt='' src='https:\/\/secure.gravatar.com\/avatar\/1ed27341d9ea2991433a863383086a7c83ee6088d2dcd67da76027fbe695217d?s=96&#038;d=mm&#038;r=g' srcset='https:\/\/secure.gravatar.com\/avatar\/1ed27341d9ea2991433a863383086a7c83ee6088d2dcd67da76027fbe695217d?s=192&#038;d=mm&#038;r=g 2x' class='avatar avatar-96 photo' height='96' width='96' \/>\n\t\t\t\t\t\t<div class=\"tix-field tix-attendee-name\">\n\t\t\t\t\t\t\t<span class=\"tix-first\">Florian<\/span> <span class=\"tix-last\">Blaser<\/span>\t\t\t\t\t\t<\/div>\n\n\t\t\t\t\t\t\n\t\t\t\t\t\t<a class=\"tix-field tix-attendee-twitter\" href=\"http:\/\/twitter.com\/florian_blaser\">@florian_blaser<\/a><a class=\"tix-field tix-attendee-url tix-site-web-website-3\" href=\"https:\/\/www.alphosting.ch\/\" rel=\"nofollow\">alphosting.ch<\/a><\/li><li><img alt='' src='https:\/\/secure.gravatar.com\/avatar\/acf0b0b93d6779a91b285fe24b31edae427c75efbfa37468c82859342c24e338?s=96&#038;d=mm&#038;r=g' srcset='https:\/\/secure.gravatar.com\/avatar\/acf0b0b93d6779a91b285fe24b31edae427c75efbfa37468c82859342c24e338?s=192&#038;d=mm&#038;r=g 2x' class='avatar avatar-96 photo' height='96' width='96' \/>\n\t\t\t\t\t\t<div class=\"tix-field tix-attendee-name\">\n\t\t\t\t\t\t\t<span class=\"tix-first\">Jean-Michel<\/span> <span class=\"tix-last\">Grin<\/span>\t\t\t\t\t\t<\/div>\n\n\t\t\t\t\t\t\n\t\t\t\t\t\t<\/li><li><img alt='' src='https:\/\/secure.gravatar.com\/avatar\/1df1811deebb35b908aaf882aba2797e1aff0259afe5a0a02f93b7d3159a983f?s=96&#038;d=mm&#038;r=g' srcset='https:\/\/secure.gravatar.com\/avatar\/1df1811deebb35b908aaf882aba2797e1aff0259afe5a0a02f93b7d3159a983f?s=192&#038;d=mm&#038;r=g 2x' class='avatar avatar-96 photo' height='96' width='96' \/>\n\t\t\t\t\t\t<div class=\"tix-field tix-attendee-name\">\n\t\t\t\t\t\t\t<span class=\"tix-first\">L\u00e9na\u00eblle<\/span> <span class=\"tix-last\">Bignon<\/span>\t\t\t\t\t\t<\/div>\n\n\t\t\t\t\t\t\n\t\t\t\t\t\t<\/li><li><img alt='' src='https:\/\/secure.gravatar.com\/avatar\/ab63ceeb5273a4f80dff5574e64445bf3c3f992a7c0766d8e4199bdc24a46859?s=96&#038;d=mm&#038;r=g' srcset='https:\/\/secure.gravatar.com\/avatar\/ab63ceeb5273a4f80dff5574e64445bf3c3f992a7c0766d8e4199bdc24a46859?s=192&#038;d=mm&#038;r=g 2x' class='avatar avatar-96 photo' height='96' width='96' \/>\n\t\t\t\t\t\t<div class=\"tix-field tix-attendee-name\">\n\t\t\t\t\t\t\t<span class=\"tix-first\">Marl\u00e8ne<\/span> <span class=\"tix-last\">Vouillamoz<\/span>\t\t\t\t\t\t<\/div>\n\n\t\t\t\t\t\t\n\t\t\t\t\t\t<\/li>\t\t\t<\/ul>\n\t\t<\/div>\n\t\t<br class=\"tix-clear\"\/>\n\t\t\n<\/div>\n<\/div>\n","protected":false},"excerpt":{"rendered":"<p>[\u2192\u00a0Version fran\u00e7aise] We have reduced our organising team and shared the work among the rest of us, as much of the work had already been done in 2020 before our WordCamp was cancelled due to the pandemic. We would like to thank all the people who worked in 2020. This year, the different tasks are [&hellip;]<\/p>\n","protected":false},"author":7586875,"featured_media":3463,"parent":0,"menu_order":0,"comment_status":"closed","ping_status":"closed","template":"","meta":{"jetpack_post_was_ever_published":false,"footnotes":""},"class_list":["post-12","page","type-page","status-publish","has-post-thumbnail","hentry"],"jetpack_sharing_enabled":true,"_links":{"self":[{"href":"https:\/\/geneve.wordcamp.org\/2022\/wp-json\/wp\/v2\/pages\/12","targetHints":{"allow":["GET"]}}],"collection":[{"href":"https:\/\/geneve.wordcamp.org\/2022\/wp-json\/wp\/v2\/pages"}],"about":[{"href":"https:\/\/geneve.wordcamp.org\/2022\/wp-json\/wp\/v2\/types\/page"}],"author":[{"embeddable":true,"href":"https:\/\/geneve.wordcamp.org\/2022\/wp-json\/wp\/v2\/users\/7586875"}],"replies":[{"embeddable":true,"href":"https:\/\/geneve.wordcamp.org\/2022\/wp-json\/wp\/v2\/comments?post=12"}],"version-history":[{"count":16,"href":"https:\/\/geneve.wordcamp.org\/2022\/wp-json\/wp\/v2\/pages\/12\/revisions"}],"predecessor-version":[{"id":6358,"href":"https:\/\/geneve.wordcamp.org\/2022\/wp-json\/wp\/v2\/pages\/12\/revisions\/6358"}],"wp:featuredmedia":[{"embeddable":true,"href":"https:\/\/geneve.wordcamp.org\/2022\/wp-json\/wp\/v2\/media\/3463"}],"wp:attachment":[{"href":"https:\/\/geneve.wordcamp.org\/2022\/wp-json\/wp\/v2\/media?parent=12"}],"curies":[{"name":"wp","href":"https:\/\/api.w.org\/{rel}","templated":true}]}}