{"id":112,"date":"2021-11-30T12:06:36","date_gmt":"2021-11-30T11:06:36","guid":{"rendered":"https:\/\/geneve.wordcamp.org\/2022\/?page_id=112"},"modified":"2022-02-23T16:27:56","modified_gmt":"2022-02-23T15:27:56","slug":"bienvenue-welcome","status":"publish","type":"page","link":"https:\/\/geneve.wordcamp.org\/2022\/bienvenue-welcome\/","title":{"rendered":"Bienvenue \/ Welcome"},"content":{"rendered":"\n<h2 class=\"has-text-align-center wp-block-heading\" id=\"wordcamp-geneve-9-avril-2022\">WordCamp Gen\u00e8ve<\/h2>\n\n\n\n<h2 class=\"has-text-align-center wp-block-heading\" id=\"wordcamp-geneve-9-avril-2022\">9 avril 2022<\/h2>\n\n\n\n<div style=\"height:50px\" aria-hidden=\"true\" class=\"wp-block-spacer\"><\/div>\n\n\n\n<div class=\"wp-block-columns alignwide is-layout-flex wp-container-core-columns-is-layout-28f84493 wp-block-columns-is-layout-flex\">\n<div class=\"wp-block-column column-francais is-layout-flow wp-block-column-is-layout-flow\">\n<p>Nous sommes heureux de vous annoncer le WordCamp Gen\u00e8ve, rempla\u00e7ant celui qui avait \u00e9t\u00e9 annul\u00e9 en 2020.<\/p>\n\n\n\n<p>En savoir plus sur <a href=\"https:\/\/geneve.wordcamp.org\/2022\/lieu\/\" data-type=\"page\" data-id=\"2945\">le lieu<\/a> de l&rsquo;\u00e9v\u00e9nement qui accueillera environ 140 personnes. Les infos \u00e0 propos du programme seront bient\u00f4t disponibles.<\/p>\n\n\n\n<p>Notre \u00e9v\u00e9nement sera bilingue et la plupart des informations sur le site sont disponibles en fran\u00e7ais et en anglais.<\/p>\n<\/div>\n\n\n\n<div class=\"wp-block-column column-english is-layout-flow wp-block-column-is-layout-flow\">\n<p>We are pleased to announce the WordCamp Geneva, replacing the one that was cancelled in 2020.<\/p>\n\n\n\n<p>More information about <a href=\"https:\/\/geneve.wordcamp.org\/2022\/location\/\" data-type=\"page\" data-id=\"11\">the venue<\/a>, which will host around 140 attendees. The schedule will soon be available.<\/p>\n\n\n\n<p>Our event will be bilingual, and most of the information on the website is available in French and English.<\/p>\n<\/div>\n<\/div>\n\n\n\n<div style=\"height:50px\" aria-hidden=\"true\" class=\"wp-block-spacer\"><\/div>\n\n\n\n<div class=\"wp-block-columns alignwide is-layout-flex wp-container-core-columns-is-layout-28f84493 wp-block-columns-is-layout-flex\">\n<div class=\"wp-block-column column-francais is-layout-flow wp-block-column-is-layout-flow\">\n<div class=\"wp-block-query alignwide is-layout-constrained wp-block-query-is-layout-constrained\"><ul class=\"alignwide wp-block-post-template is-layout-flow wp-block-post-template-is-layout-flow\"><li class=\"wp-block-post post-6667 post type-post status-publish format-standard has-post-thumbnail hentry category-francais\">\n\n<div class=\"wp-block-group is-layout-constrained wp-block-group-is-layout-constrained\"><figure style=\"margin-top:calc(1.75 * var(--wp--style--block-gap));\" class=\"alignwide wp-block-post-featured-image\"><a href=\"https:\/\/geneve.wordcamp.org\/2022\/un-grand-merci\/\" target=\"_self\"  ><img loading=\"lazy\" decoding=\"async\" width=\"1568\" height=\"515\" src=\"https:\/\/geneve.wordcamp.org\/2022\/files\/2021\/12\/wcgeneve-photo-by-carlita-benazito-1568x515.jpg\" class=\"attachment-post-thumbnail size-post-thumbnail wp-post-image\" alt=\"Un grand merci !\" style=\"object-fit:cover;\" srcset=\"https:\/\/geneve.wordcamp.org\/2022\/files\/2021\/12\/wcgeneve-photo-by-carlita-benazito-1568x515.jpg 1568w, https:\/\/geneve.wordcamp.org\/2022\/files\/2021\/12\/wcgeneve-photo-by-carlita-benazito-300x98.jpg 300w, https:\/\/geneve.wordcamp.org\/2022\/files\/2021\/12\/wcgeneve-photo-by-carlita-benazito-1024x336.jpg 1024w, https:\/\/geneve.wordcamp.org\/2022\/files\/2021\/12\/wcgeneve-photo-by-carlita-benazito-768x252.jpg 768w, https:\/\/geneve.wordcamp.org\/2022\/files\/2021\/12\/wcgeneve-photo-by-carlita-benazito-500x164.jpg 500w, https:\/\/geneve.wordcamp.org\/2022\/files\/2021\/12\/wcgeneve-photo-by-carlita-benazito-1536x504.jpg 1536w, https:\/\/geneve.wordcamp.org\/2022\/files\/2021\/12\/wcgeneve-photo-by-carlita-benazito.jpg 1920w\" sizes=\"auto, (max-width: 1568px) 100vw, 1568px\" \/><\/a><\/figure>\n\n<h2 class=\"alignwide wp-block-post-title has-var-wp-custom-typography-font-size-huge-clamp-2-25-rem-4-vw-2-75-rem-font-size\"><a href=\"https:\/\/geneve.wordcamp.org\/2022\/un-grand-merci\/\" target=\"_self\" >Un grand merci !<\/a><\/h2>\n\n\n<div class=\"wp-block-columns alignwide is-layout-flex wp-container-core-columns-is-layout-28f84493 wp-block-columns-is-layout-flex\">\n<div class=\"wp-block-column is-layout-flow wp-block-column-is-layout-flow\" style=\"flex-basis:650px\"><div style=\"font-style:italic;font-weight:400;\" class=\"wp-block-post-date has-small-font-size\"><time datetime=\"2022-04-11T10:21:12+02:00\"><a href=\"https:\/\/geneve.wordcamp.org\/2022\/un-grand-merci\/\">11 avril 2022<\/a><\/time><\/div>\n\n<div class=\"wp-block-post-excerpt\"><p class=\"wp-block-post-excerpt__excerpt\">[\u2192&nbsp;English version] Le WordCamp Gen\u00e8ve 2022, c\u2019est (h\u00e9las) d\u00e9j\u00e0 du pass\u00e9. Il nous reste \u00e0 dire une fois encore un grand MERCI \u00e0 toutes celles et tous ceux qui ont contribu\u00e9 \u00e0 la r\u00e9ussite de cet \u00e9v\u00e9nement : Merci aux oratrices et oratrices pour leurs expos\u00e9s et leurs ateliers qui ont int\u00e9ress\u00e9 un grand nombre<\/p><p class=\"wp-block-post-excerpt__more-text\"><a class=\"wp-block-post-excerpt__more-link\" href=\"https:\/\/geneve.wordcamp.org\/2022\/un-grand-merci\/\">Lire plus<\/a><\/p><\/div><\/div>\n\n\n\n<div class=\"wp-block-column is-layout-flow wp-block-column-is-layout-flow\"><\/div>\n<\/div>\n\n\n\n<div style=\"height:16px\" aria-hidden=\"true\" class=\"wp-block-spacer\"><\/div>\n\n\n\n<hr class=\"wp-block-separator alignwide is-style-wide\" \/>\n\n\n\n<div style=\"height:16px\" aria-hidden=\"true\" class=\"wp-block-spacer\"><\/div>\n<\/div>\n\n<\/li><li class=\"wp-block-post post-6651 post type-post status-publish format-standard hentry category-francais\">\n\n<div class=\"wp-block-group is-layout-constrained wp-block-group-is-layout-constrained\">\n\n<h2 class=\"alignwide wp-block-post-title has-var-wp-custom-typography-font-size-huge-clamp-2-25-rem-4-vw-2-75-rem-font-size\"><a href=\"https:\/\/geneve.wordcamp.org\/2022\/livestream\/\" target=\"_self\" >Livestream<\/a><\/h2>\n\n\n<div class=\"wp-block-columns alignwide is-layout-flex wp-container-core-columns-is-layout-28f84493 wp-block-columns-is-layout-flex\">\n<div class=\"wp-block-column is-layout-flow wp-block-column-is-layout-flow\" style=\"flex-basis:650px\"><div style=\"font-style:italic;font-weight:400;\" class=\"wp-block-post-date has-small-font-size\"><time datetime=\"2022-04-09T00:56:04+02:00\"><a href=\"https:\/\/geneve.wordcamp.org\/2022\/livestream\/\">9 avril 2022<\/a><\/time><\/div>\n\n<div class=\"wp-block-post-excerpt\"><p class=\"wp-block-post-excerpt__excerpt\">Pour toutes les personnes qui n&rsquo;ont pas pu faire le d\u00e9placment, nous avons le plaisir de vous annoncer que les conf\u00e9rences de la salle 1 (pas les ateliers) seront film\u00e9es et diffus\u00e9es en direct<\/p><p class=\"wp-block-post-excerpt__more-text\"><a class=\"wp-block-post-excerpt__more-link\" href=\"https:\/\/geneve.wordcamp.org\/2022\/livestream\/\">Lire plus<\/a><\/p><\/div><\/div>\n\n\n\n<div class=\"wp-block-column is-layout-flow wp-block-column-is-layout-flow\"><\/div>\n<\/div>\n\n\n\n<div style=\"height:16px\" aria-hidden=\"true\" class=\"wp-block-spacer\"><\/div>\n\n\n\n<hr class=\"wp-block-separator alignwide is-style-wide\" \/>\n\n\n\n<div style=\"height:16px\" aria-hidden=\"true\" class=\"wp-block-spacer\"><\/div>\n<\/div>\n\n<\/li><li class=\"wp-block-post post-6501 post type-post status-publish format-standard hentry category-english category-francais\">\n\n<div class=\"wp-block-group is-layout-constrained wp-block-group-is-layout-constrained\">\n\n<h2 class=\"alignwide wp-block-post-title has-var-wp-custom-typography-font-size-huge-clamp-2-25-rem-4-vw-2-75-rem-font-size\"><a href=\"https:\/\/geneve.wordcamp.org\/2022\/alphosting-silver-sponsor\/\" target=\"_self\" >AlpHosting: Merci \u00e0 notre sponsor Argent \/ Many thanks to our Silver Sponsor<\/a><\/h2>\n\n\n<div class=\"wp-block-columns alignwide is-layout-flex wp-container-core-columns-is-layout-28f84493 wp-block-columns-is-layout-flex\">\n<div class=\"wp-block-column is-layout-flow wp-block-column-is-layout-flow\" style=\"flex-basis:650px\"><div style=\"font-style:italic;font-weight:400;\" class=\"wp-block-post-date has-small-font-size\"><time datetime=\"2022-03-25T09:00:00+01:00\"><a href=\"https:\/\/geneve.wordcamp.org\/2022\/alphosting-silver-sponsor\/\">25 mars 2022<\/a><\/time><\/div>\n\n<div class=\"wp-block-post-excerpt\"><p class=\"wp-block-post-excerpt__excerpt\">Nous remercions chaleureusement AlpHosting pour le soutien continu en faveur de la communaut\u00e9 WordPress et de notre \u00e9v\u00e9nement. Nous n\u2019aurions pu organiser le WordCamp Gen\u00e8ve 2022 \u00e0 des conditions aussi favorables pour les participants sans ce g\u00e9n\u00e9reux soutien. We warmly thank AlpHosting for the ongoing support to the WordPress community and our event. We couldn\u2019t<\/p><p class=\"wp-block-post-excerpt__more-text\"><a class=\"wp-block-post-excerpt__more-link\" href=\"https:\/\/geneve.wordcamp.org\/2022\/alphosting-silver-sponsor\/\">Lire plus<\/a><\/p><\/div><\/div>\n\n\n\n<div class=\"wp-block-column is-layout-flow wp-block-column-is-layout-flow\"><\/div>\n<\/div>\n\n\n\n<div style=\"height:16px\" aria-hidden=\"true\" class=\"wp-block-spacer\"><\/div>\n\n\n\n<hr class=\"wp-block-separator alignwide is-style-wide\" \/>\n\n\n\n<div style=\"height:16px\" aria-hidden=\"true\" class=\"wp-block-spacer\"><\/div>\n<\/div>\n\n<\/li><\/ul><\/div>\n\n\n\n<p><a href=\"https:\/\/geneve.wordcamp.org\/2022\/actualites\/\" data-type=\"page\" data-id=\"123\">Lire plus d&rsquo;articles<\/a><\/p>\n<\/div>\n\n\n\n<div class=\"wp-block-column column-english is-layout-flow wp-block-column-is-layout-flow\">\n<div class=\"wp-block-query alignwide is-layout-constrained wp-block-query-is-layout-constrained\"><ul class=\"alignwide wp-block-post-template is-layout-flow wp-block-post-template-is-layout-flow\"><li class=\"wp-block-post post-6669 post type-post status-publish format-standard has-post-thumbnail hentry category-english\">\n\n<div class=\"wp-block-group is-layout-constrained wp-block-group-is-layout-constrained\"><figure style=\"margin-top:calc(1.75 * var(--wp--style--block-gap));\" class=\"alignwide wp-block-post-featured-image\"><a href=\"https:\/\/geneve.wordcamp.org\/2022\/many-thanks\/\" target=\"_self\"  ><img loading=\"lazy\" decoding=\"async\" width=\"1568\" height=\"515\" src=\"https:\/\/geneve.wordcamp.org\/2022\/files\/2021\/12\/wcgeneve-photo-by-carlita-benazito-1568x515.jpg\" class=\"attachment-post-thumbnail size-post-thumbnail wp-post-image\" alt=\"Many thanks!\" style=\"object-fit:cover;\" srcset=\"https:\/\/geneve.wordcamp.org\/2022\/files\/2021\/12\/wcgeneve-photo-by-carlita-benazito-1568x515.jpg 1568w, https:\/\/geneve.wordcamp.org\/2022\/files\/2021\/12\/wcgeneve-photo-by-carlita-benazito-300x98.jpg 300w, https:\/\/geneve.wordcamp.org\/2022\/files\/2021\/12\/wcgeneve-photo-by-carlita-benazito-1024x336.jpg 1024w, https:\/\/geneve.wordcamp.org\/2022\/files\/2021\/12\/wcgeneve-photo-by-carlita-benazito-768x252.jpg 768w, https:\/\/geneve.wordcamp.org\/2022\/files\/2021\/12\/wcgeneve-photo-by-carlita-benazito-500x164.jpg 500w, https:\/\/geneve.wordcamp.org\/2022\/files\/2021\/12\/wcgeneve-photo-by-carlita-benazito-1536x504.jpg 1536w, https:\/\/geneve.wordcamp.org\/2022\/files\/2021\/12\/wcgeneve-photo-by-carlita-benazito.jpg 1920w\" sizes=\"auto, (max-width: 1568px) 100vw, 1568px\" \/><\/a><\/figure>\n\n<h2 class=\"alignwide wp-block-post-title has-var-wp-custom-typography-font-size-huge-clamp-2-25-rem-4-vw-2-75-rem-font-size\"><a href=\"https:\/\/geneve.wordcamp.org\/2022\/many-thanks\/\" target=\"_self\" >Many thanks!<\/a><\/h2>\n\n\n<div class=\"wp-block-columns alignwide is-layout-flex wp-container-core-columns-is-layout-28f84493 wp-block-columns-is-layout-flex\">\n<div class=\"wp-block-column is-layout-flow wp-block-column-is-layout-flow\" style=\"flex-basis:650px\"><div style=\"font-style:italic;font-weight:400;\" class=\"wp-block-post-date has-small-font-size\"><time datetime=\"2022-04-11T10:33:51+02:00\"><a href=\"https:\/\/geneve.wordcamp.org\/2022\/many-thanks\/\">avril 11, 2022<\/a><\/time><\/div>\n\n<div class=\"wp-block-post-excerpt\"><p class=\"wp-block-post-excerpt__excerpt\">[\u2192&nbsp;Version fran\u00e7aise] WordCamp Geneva 2022 is (unfortunately) already a thing of the past. Once again, we&rsquo;d like to say a big THANK YOU to all those who contributed to the success of this event: Thank you to all the speakers for their presentations and workshops, which interested the many people present. They will continue to<\/p><p class=\"wp-block-post-excerpt__more-text\"><a class=\"wp-block-post-excerpt__more-link\" href=\"https:\/\/geneve.wordcamp.org\/2022\/many-thanks\/\">Read more<\/a><\/p><\/div><\/div>\n\n\n\n<div class=\"wp-block-column is-layout-flow wp-block-column-is-layout-flow\"><\/div>\n<\/div>\n\n\n\n<div style=\"height:16px\" aria-hidden=\"true\" class=\"wp-block-spacer\"><\/div>\n\n\n\n<hr class=\"wp-block-separator alignwide is-style-wide\" \/>\n\n\n\n<div style=\"height:16px\" aria-hidden=\"true\" class=\"wp-block-spacer\"><\/div>\n<\/div>\n\n<\/li><li class=\"wp-block-post post-6655 post type-post status-publish format-standard hentry category-english\">\n\n<div class=\"wp-block-group is-layout-constrained wp-block-group-is-layout-constrained\">\n\n<h2 class=\"alignwide wp-block-post-title has-var-wp-custom-typography-font-size-huge-clamp-2-25-rem-4-vw-2-75-rem-font-size\"><a href=\"https:\/\/geneve.wordcamp.org\/2022\/livestream-en\/\" target=\"_self\" >Livestream<\/a><\/h2>\n\n\n<div class=\"wp-block-columns alignwide is-layout-flex wp-container-core-columns-is-layout-28f84493 wp-block-columns-is-layout-flex\">\n<div class=\"wp-block-column is-layout-flow wp-block-column-is-layout-flow\" style=\"flex-basis:650px\"><div style=\"font-style:italic;font-weight:400;\" class=\"wp-block-post-date has-small-font-size\"><time datetime=\"2022-04-09T00:58:13+02:00\"><a href=\"https:\/\/geneve.wordcamp.org\/2022\/livestream-en\/\">avril 9, 2022<\/a><\/time><\/div>\n\n<div class=\"wp-block-post-excerpt\"><p class=\"wp-block-post-excerpt__excerpt\">For all those who could not make the trip, we are pleased to announce that the talks in room 1 (not the workshops) will be filmed and broadcast live<\/p><p class=\"wp-block-post-excerpt__more-text\"><a class=\"wp-block-post-excerpt__more-link\" href=\"https:\/\/geneve.wordcamp.org\/2022\/livestream-en\/\">Read more<\/a><\/p><\/div><\/div>\n\n\n\n<div class=\"wp-block-column is-layout-flow wp-block-column-is-layout-flow\"><\/div>\n<\/div>\n\n\n\n<div style=\"height:16px\" aria-hidden=\"true\" class=\"wp-block-spacer\"><\/div>\n\n\n\n<hr class=\"wp-block-separator alignwide is-style-wide\" \/>\n\n\n\n<div style=\"height:16px\" aria-hidden=\"true\" class=\"wp-block-spacer\"><\/div>\n<\/div>\n\n<\/li><li class=\"wp-block-post post-6501 post type-post status-publish format-standard hentry category-english category-francais\">\n\n<div class=\"wp-block-group is-layout-constrained wp-block-group-is-layout-constrained\">\n\n<h2 class=\"alignwide wp-block-post-title has-var-wp-custom-typography-font-size-huge-clamp-2-25-rem-4-vw-2-75-rem-font-size\"><a href=\"https:\/\/geneve.wordcamp.org\/2022\/alphosting-silver-sponsor\/\" target=\"_self\" >AlpHosting: Merci \u00e0 notre sponsor Argent \/ Many thanks to our Silver Sponsor<\/a><\/h2>\n\n\n<div class=\"wp-block-columns alignwide is-layout-flex wp-container-core-columns-is-layout-28f84493 wp-block-columns-is-layout-flex\">\n<div class=\"wp-block-column is-layout-flow wp-block-column-is-layout-flow\" style=\"flex-basis:650px\"><div style=\"font-style:italic;font-weight:400;\" class=\"wp-block-post-date has-small-font-size\"><time datetime=\"2022-03-25T09:00:00+01:00\"><a href=\"https:\/\/geneve.wordcamp.org\/2022\/alphosting-silver-sponsor\/\">mars 25, 2022<\/a><\/time><\/div>\n\n<div class=\"wp-block-post-excerpt\"><p class=\"wp-block-post-excerpt__excerpt\">Nous remercions chaleureusement AlpHosting pour le soutien continu en faveur de la communaut\u00e9 WordPress et de notre \u00e9v\u00e9nement. Nous n\u2019aurions pu organiser le WordCamp Gen\u00e8ve 2022 \u00e0 des conditions aussi favorables pour les participants sans ce g\u00e9n\u00e9reux soutien. We warmly thank AlpHosting for the ongoing support to the WordPress community and our event. We couldn\u2019t<\/p><p class=\"wp-block-post-excerpt__more-text\"><a class=\"wp-block-post-excerpt__more-link\" href=\"https:\/\/geneve.wordcamp.org\/2022\/alphosting-silver-sponsor\/\">Read more<\/a><\/p><\/div><\/div>\n\n\n\n<div class=\"wp-block-column is-layout-flow wp-block-column-is-layout-flow\"><\/div>\n<\/div>\n\n\n\n<div style=\"height:16px\" aria-hidden=\"true\" class=\"wp-block-spacer\"><\/div>\n\n\n\n<hr class=\"wp-block-separator alignwide is-style-wide\" \/>\n\n\n\n<div style=\"height:16px\" aria-hidden=\"true\" class=\"wp-block-spacer\"><\/div>\n<\/div>\n\n<\/li><\/ul><\/div>\n\n\n\n<p><a href=\"https:\/\/geneve.wordcamp.org\/2022\/news\/\" data-type=\"page\" data-id=\"2915\">Read more news<\/a><\/p>\n<\/div>\n<\/div>\n\n\n\n<div class=\"wp-block-group is-layout-flow wp-block-group-is-layout-flow\">\n<p>Abonnez-vous pour recevoir nos nouvelles \/ Subscribe to receive all our news<\/p>\n\n\n<div class=\"wp-block-jetpack-subscriptions__supports-newline wp-block-jetpack-subscriptions\">\n\t\t<div>\n\t\t\t<div>\n\t\t\t\t<div>\n\t\t\t\t\t<p >\n\t\t\t\t\t\t<a href=\"https:\/\/geneve.wordcamp.org\/2022\/?post_type=page&#038;p=112\" style=\"font-size: 16px;padding: 15px 23px 15px 23px;margin: 0; margin-left: 10px;border-radius: 0px;border-width: 1px; text-decoration: none; white-space: nowrap; margin-left: 0\">Abonnez-vous<\/a>\n\t\t\t\t\t<\/p>\n\t\t\t\t<\/div>\n\t\t\t<\/div>\n\t\t<\/div>\n\t<\/div><\/div>\n\n\n\n<div style=\"height:50px\" aria-hidden=\"true\" class=\"wp-block-spacer\"><\/div>\n","protected":false},"excerpt":{"rendered":"<p>WordCamp Gen\u00e8ve 9 avril 2022 Nous sommes heureux de vous annoncer le WordCamp Gen\u00e8ve, rempla\u00e7ant celui qui avait \u00e9t\u00e9 annul\u00e9 en 2020. En savoir plus sur le lieu de l&rsquo;\u00e9v\u00e9nement qui accueillera environ 140 personnes. Les infos \u00e0 propos du programme seront bient\u00f4t disponibles. Notre \u00e9v\u00e9nement sera bilingue et la plupart des informations sur le [&hellip;]<\/p>\n<p><a href='https:\/\/geneve.wordcamp.org\/2022\/?post_type=page&#038;p=112'>Affichez l\u2019article<\/a> pour vous abonner \u00e0 la newsletter du site.<\/p>\n","protected":false},"author":7586875,"featured_media":133,"parent":0,"menu_order":0,"comment_status":"closed","ping_status":"closed","template":"","meta":{"jetpack_post_was_ever_published":false,"footnotes":""},"class_list":["post-112","page","type-page","status-publish","has-post-thumbnail","hentry"],"jetpack_sharing_enabled":true,"_links":{"self":[{"href":"https:\/\/geneve.wordcamp.org\/2022\/wp-json\/wp\/v2\/pages\/112","targetHints":{"allow":["GET"]}}],"collection":[{"href":"https:\/\/geneve.wordcamp.org\/2022\/wp-json\/wp\/v2\/pages"}],"about":[{"href":"https:\/\/geneve.wordcamp.org\/2022\/wp-json\/wp\/v2\/types\/page"}],"author":[{"embeddable":true,"href":"https:\/\/geneve.wordcamp.org\/2022\/wp-json\/wp\/v2\/users\/7586875"}],"replies":[{"embeddable":true,"href":"https:\/\/geneve.wordcamp.org\/2022\/wp-json\/wp\/v2\/comments?post=112"}],"version-history":[{"count":52,"href":"https:\/\/geneve.wordcamp.org\/2022\/wp-json\/wp\/v2\/pages\/112\/revisions"}],"predecessor-version":[{"id":5662,"href":"https:\/\/geneve.wordcamp.org\/2022\/wp-json\/wp\/v2\/pages\/112\/revisions\/5662"}],"wp:featuredmedia":[{"embeddable":true,"href":"https:\/\/geneve.wordcamp.org\/2022\/wp-json\/wp\/v2\/media\/133"}],"wp:attachment":[{"href":"https:\/\/geneve.wordcamp.org\/2022\/wp-json\/wp\/v2\/media?parent=112"}],"curies":[{"name":"wp","href":"https:\/\/api.w.org\/{rel}","templated":true}]}}